{"id":6635,"date":"2025-07-14T02:32:40","date_gmt":"2025-07-14T00:32:40","guid":{"rendered":"https:\/\/ordrepharmacien.bf\/?page_id=6635"},"modified":"2026-01-19T17:51:29","modified_gmt":"2026-01-19T16:51:29","slug":"deliberations","status":"publish","type":"page","link":"https:\/\/ordrepharmacien.bf\/index.php\/deliberations\/","title":{"rendered":"D\u00e9lib\u00e9rations"},"content":{"rendered":"\t\t<div data-elementor-type=\"wp-page\" data-elementor-id=\"6635\" class=\"elementor elementor-6635\">\n\t\t\t\t        <section class=\"elementor-section elementor-top-section elementor-element elementor-element-f261c77 elementor-section-boxed elementor-section-height-default elementor-section-height-default ct-header-fixed-none ct-row-max-none\" data-id=\"f261c77\" data-element_type=\"section\">\n            \n                        <div class=\"elementor-container elementor-column-gap-default \">\n                    <div class=\"elementor-column elementor-col-100 elementor-top-column elementor-element elementor-element-338cd2f\" data-id=\"338cd2f\" data-element_type=\"column\">\n        <div class=\"elementor-widget-wrap elementor-element-populated\">\n                    \n        \r\n\t\t<div class=\"elementor-element elementor-element-0b82699 elementor-widget elementor-widget-ct_heading\" data-id=\"0b82699\" data-element_type=\"widget\" data-widget_type=\"ct_heading.default\">\n\t\t\t\t<div class=\"elementor-widget-container\">\n\t\t\t\t\t<div id=\"ct_heading-0b82699\" class=\"ct-heading h-align- sub-style9 ct-heading-left item-st-line-left3\">\r\n    <div class=\"ct-item--inner\">\r\n        <div class=\"ct-inline-css\" data-css=\"\r\n            \">\r\n        <\/div>\r\n                    <div class=\"item--sub-title style9 show-line\">\r\n                                                                Textes normatifs                                                                    <span class=\"line-left\"><\/span>\r\n                    <span class=\"line-right\"><\/span>\r\n                                            <\/div>\r\n                <h3 class=\"item--title st-line-left3 wow wow fadeInUp\" data-wow-delay=\"ms\">\r\n                        <span class=\"sp-main\">\r\n                \r\n                D\u00e9lib\u00e9ration N01 2025 ONPBF : Portant d\u00e9lai d&#8217;inscription \u00e0 l&#8217;ONPBF \r\n                \r\n                                    <i class=\"dot-shape\">\r\n                        <i><\/i>\r\n                        <i><\/i>\r\n                        <i><\/i>\r\n                        <i><\/i>\r\n                        <i><\/i>\r\n                        <i><\/i>\r\n                    <\/i>\r\n                            <\/span>\r\n                    <\/h3>\r\n    <\/div>\r\n<\/div>\t\t\t\t<\/div>\n\t\t\t\t<\/div>\n\t\t            <\/div>\n        <\/div>\n                    <\/div>\n        <\/section>\n        <div class=\"elementor-element elementor-element-65973e6 e-flex e-con-boxed e-con e-parent\" data-id=\"65973e6\" data-element_type=\"container\">\n\t\t\t\t\t<div class=\"e-con-inner\">\n\t\t<div class=\"elementor-element elementor-element-f70fba3 e-con-full e-flex e-con e-child\" data-id=\"f70fba3\" data-element_type=\"container\">\n\t\t\t\t<div class=\"elementor-element elementor-element-56f3758 elementor-widget elementor-widget-text-editor\" data-id=\"56f3758\" data-element_type=\"widget\" data-widget_type=\"text-editor.default\">\n\t\t\t\t<div class=\"elementor-widget-container\">\n\t\t\t\t\t\t\t\t\t<p>D\u00e9lib\u00e9ration N01 2025 ONPBF : Portant d\u00e9lai d&#8217;inscription \u00e0 l&#8217;ONPBF<\/p>\t\t\t\t\t\t\t\t<\/div>\n\t\t\t\t<\/div>\n\t\t\t\t<\/div>\n\t\t<div class=\"elementor-element elementor-element-a422a46 e-con-full e-flex e-con e-child\" data-id=\"a422a46\" data-element_type=\"container\">\n\t\t\t\t<div class=\"elementor-element elementor-element-ad3304c elementor-widget elementor-widget-ct_download\" data-id=\"ad3304c\" data-element_type=\"widget\" data-widget_type=\"ct_download.default\">\n\t\t\t\t<div class=\"elementor-widget-container\">\n\t\t\t\t\t    <div class=\"ct-download\">\r\n                    <div class=\"item--download\">\r\n                <a href=\"https:\/\/ordrepharmacien.bf\/wp-content\/uploads\/2026\/01\/deliberation-n01-2025-onpb-2.pdf\" target=\"_blank\">\r\n            \t<i aria-hidden=\"true\" class=\"flaticonv5 flaticonv5-download\"><\/i>                                <span>T\u00e9l\u00e9charger<\/span>\r\n            \t<\/a>\r\n           <\/div>\r\n            <\/div>\r\n\t\t\t\t<\/div>\n\t\t\t\t<\/div>\n\t\t\t\t<\/div>\n\t\t\t\t\t<\/div>\n\t\t\t\t<\/div>\n\t\t        <section class=\"elementor-section elementor-top-section elementor-element elementor-element-b77e7e5 elementor-section-boxed elementor-section-height-default elementor-section-height-default ct-header-fixed-none ct-row-max-none\" data-id=\"b77e7e5\" data-element_type=\"section\">\n            \n                        <div class=\"elementor-container elementor-column-gap-default \">\n                    <div class=\"elementor-column elementor-col-100 elementor-top-column elementor-element elementor-element-d65ea9c\" data-id=\"d65ea9c\" data-element_type=\"column\">\n        <div class=\"elementor-widget-wrap elementor-element-populated\">\n                    \n        \t\t<div class=\"elementor-element elementor-element-275c141 elementor-widget elementor-widget-ct_heading\" data-id=\"275c141\" data-element_type=\"widget\" data-widget_type=\"ct_heading.default\">\n\t\t\t\t<div class=\"elementor-widget-container\">\n\t\t\t\t\t<div id=\"ct_heading-275c141\" class=\"ct-heading h-align- sub-style7 ct-heading-left item-st-line-left3\">\r\n    <div class=\"ct-item--inner\">\r\n        <div class=\"ct-inline-css\" data-css=\"\r\n            \">\r\n        <\/div>\r\n                <h3 class=\"item--title st-line-left3 wow wow fadeInUp\" data-wow-delay=\"ms\">\r\n                        <span class=\"sp-main\">\r\n                \r\n                DELIBERATION N\u00b001-2023-0NPBF &#8211; Portant fixation du montant des cotisations \r\n                \r\n                                    <i class=\"dot-shape\">\r\n                        <i><\/i>\r\n                        <i><\/i>\r\n                        <i><\/i>\r\n                        <i><\/i>\r\n                        <i><\/i>\r\n                        <i><\/i>\r\n                    <\/i>\r\n                            <\/span>\r\n                    <\/h3>\r\n    <\/div>\r\n<\/div>\t\t\t\t<\/div>\n\t\t\t\t<\/div>\n\t\t            <\/div>\n        <\/div>\n                    <\/div>\n        <\/section>\n        <div class=\"elementor-element elementor-element-6117907 e-flex e-con-boxed e-con e-parent\" data-id=\"6117907\" data-element_type=\"container\">\n\t\t\t\t\t<div class=\"e-con-inner\">\n\t\t<div class=\"elementor-element elementor-element-cbca392 e-con-full e-flex e-con e-child\" data-id=\"cbca392\" data-element_type=\"container\">\n\t\t\t\t<div class=\"elementor-element elementor-element-daf8492 elementor-widget elementor-widget-text-editor\" data-id=\"daf8492\" data-element_type=\"widget\" data-widget_type=\"text-editor.default\">\n\t\t\t\t<div class=\"elementor-widget-container\">\n\t\t\t\t\t\t\t\t\t<p>D\u00e9lib\u00e9ration du Congres de l\u2019ordre national des pharmaciens\u00a0 portant fixation du montant des cotisations.<\/p>\t\t\t\t\t\t\t\t<\/div>\n\t\t\t\t<\/div>\n\t\t\t\t<\/div>\n\t\t<div class=\"elementor-element elementor-element-014751d e-con-full e-flex e-con e-child\" data-id=\"014751d\" data-element_type=\"container\">\n\t\t\t\t<div class=\"elementor-element elementor-element-b46812d elementor-widget elementor-widget-ct_download\" data-id=\"b46812d\" data-element_type=\"widget\" data-widget_type=\"ct_download.default\">\n\t\t\t\t<div class=\"elementor-widget-container\">\n\t\t\t\t\t    <div class=\"ct-download\">\r\n                    <div class=\"item--download\">\r\n                <a href=\"https:\/\/ordrepharmacien.bf\/wp-content\/uploads\/2025\/07\/DELIBERATION-N\u00b001-2023-0NPBF.pdf\" target=\"_blank\">\r\n            \t<i aria-hidden=\"true\" class=\"flaticonv5 flaticonv5-download\"><\/i>                                <span>T\u00e9l\u00e9charger la D\u00e9lib\u00e9ration N\u00b001-2023<\/span>\r\n            \t<\/a>\r\n           <\/div>\r\n            <\/div>\r\n\t\t\t\t<\/div>\n\t\t\t\t<\/div>\n\t\t\t\t<\/div>\n\t\t\t\t\t<\/div>\n\t\t\t\t<\/div>\n\t\t        <section class=\"elementor-section elementor-top-section elementor-element elementor-element-2c35c3a elementor-section-boxed elementor-section-height-default elementor-section-height-default ct-header-fixed-none ct-row-max-none\" data-id=\"2c35c3a\" data-element_type=\"section\">\n            \n                        <div class=\"elementor-container elementor-column-gap-extended \">\n                    <div class=\"elementor-column elementor-col-100 elementor-top-column elementor-element elementor-element-6228b18\" data-id=\"6228b18\" data-element_type=\"column\">\n        <div class=\"elementor-widget-wrap\">\n                    \n                    <\/div>\n        <\/div>\n                    <\/div>\n        <\/section>\n        \t\t<\/div>\n\t\t","protected":false},"excerpt":{"rendered":"<p>Textes normatifs D\u00e9lib\u00e9ration N01 2025 ONPBF : Portant d\u00e9lai d&#8217;inscription \u00e0 l&#8217;ONPBF D\u00e9lib\u00e9ration N01 2025 ONPBF : Portant d\u00e9lai d&#8217;inscription \u00e0 l&#8217;ONPBF T\u00e9l\u00e9charger DELIBERATION N\u00b001-2023-0NPBF &#8211; Portant fixation du montant des cotisations D\u00e9lib\u00e9ration du Congres de l\u2019ordre national des pharmaciens\u00a0 portant fixation du montant des cotisations. T\u00e9l\u00e9charger la D\u00e9lib\u00e9ration N\u00b001-2023<\/p>\n","protected":false},"author":1,"featured_media":0,"parent":0,"menu_order":0,"comment_status":"closed","ping_status":"closed","template":"","meta":{"footnotes":""},"class_list":["post-6635","page","type-page","status-publish","hentry"],"_links":{"self":[{"href":"https:\/\/ordrepharmacien.bf\/index.php\/wp-json\/wp\/v2\/pages\/6635","targetHints":{"allow":["GET"]}}],"collection":[{"href":"https:\/\/ordrepharmacien.bf\/index.php\/wp-json\/wp\/v2\/pages"}],"about":[{"href":"https:\/\/ordrepharmacien.bf\/index.php\/wp-json\/wp\/v2\/types\/page"}],"author":[{"embeddable":true,"href":"https:\/\/ordrepharmacien.bf\/index.php\/wp-json\/wp\/v2\/users\/1"}],"replies":[{"embeddable":true,"href":"https:\/\/ordrepharmacien.bf\/index.php\/wp-json\/wp\/v2\/comments?post=6635"}],"version-history":[{"count":6,"href":"https:\/\/ordrepharmacien.bf\/index.php\/wp-json\/wp\/v2\/pages\/6635\/revisions"}],"predecessor-version":[{"id":7116,"href":"https:\/\/ordrepharmacien.bf\/index.php\/wp-json\/wp\/v2\/pages\/6635\/revisions\/7116"}],"wp:attachment":[{"href":"https:\/\/ordrepharmacien.bf\/index.php\/wp-json\/wp\/v2\/media?parent=6635"}],"curies":[{"name":"wp","href":"https:\/\/api.w.org\/{rel}","templated":true}]}}