{"id":6003,"date":"2025-06-19T21:37:47","date_gmt":"2025-06-19T19:37:47","guid":{"rendered":"https:\/\/ordrepharmacien.bf\/?page_id=6003"},"modified":"2025-07-04T02:42:14","modified_gmt":"2025-07-04T00:42:14","slug":"groupe-1-bobo","status":"publish","type":"page","link":"https:\/\/ordrepharmacien.bf\/index.php\/groupe-1-bobo\/","title":{"rendered":"Groupe 1 &#8211; Bobo"},"content":{"rendered":"\t\t<div data-elementor-type=\"wp-page\" data-elementor-id=\"6003\" class=\"elementor elementor-6003\">\n\t\t\t\t        <section class=\"elementor-section elementor-top-section elementor-element elementor-element-14ea905 elementor-section-boxed elementor-section-height-default elementor-section-height-default ct-header-fixed-none ct-row-max-none\" data-id=\"14ea905\" data-element_type=\"section\">\n            \n                        <div class=\"elementor-container elementor-column-gap-extended \">\n                    <div class=\"elementor-column elementor-col-66 elementor-top-column elementor-element elementor-element-b006059\" data-id=\"b006059\" data-element_type=\"column\">\n        <div class=\"elementor-widget-wrap elementor-element-populated\">\n                    \n        \r\n\t\t<div class=\"elementor-element elementor-element-3ac85f3 elementor-widget elementor-widget-ct_title\" data-id=\"3ac85f3\" data-element_type=\"widget\" data-widget_type=\"ct_title.default\">\n\t\t\t\t<div class=\"elementor-widget-container\">\n\t\t\t\t\t<div class=\"ct-title1 style2\">\r\n    <h3>\r\n    \t\t        <span>Pharmacie Groupe 1 Bobo<\/span>\r\n\t        <i><\/i>\r\n\t        <\/h3>\r\n<\/div>\t\t\t\t<\/div>\n\t\t\t\t<\/div>\n\t\t\t\t<div class=\"elementor-element elementor-element-d406075 elementor-widget elementor-widget-shortcode\" data-id=\"d406075\" data-element_type=\"widget\" data-widget_type=\"shortcode.default\">\n\t\t\t\t<div class=\"elementor-widget-container\">\n\t\t\t\t\t\t\t<div class=\"elementor-shortcode\">\n<table id=\"tablepress-2\" class=\"tablepress tablepress-id-2\">\n<thead>\n<tr class=\"row-1\">\n\t<th class=\"column-1\">N\u00b0<\/th><th class=\"column-2\">PHARMACIE <\/th><th class=\"column-3\">TELEPHONE<\/th><th class=\"column-4\">SITUATION GEOGRAPHIQUE<\/th>\n<\/tr>\n<\/thead>\n<tbody class=\"row-striping row-hover\">\n<tr class=\"row-2\">\n\t<td class=\"column-1\">1<\/td><td class=\"column-2\">Aoudi<\/td><td class=\"column-3\">20 98 18 98<\/td><td class=\"column-4\">Bolmakot\u00e9, face Sapeurs Pompiers<\/td>\n<\/tr>\n<tr class=\"row-3\">\n\t<td class=\"column-1\">2<\/td><td class=\"column-2\">Belleville<\/td><td class=\"column-3\">20 98 22 00<\/td><td class=\"column-4\">Route de l\u2019INSSA, \u00e0 c\u00f4t\u00e9 du petit march\u00e9 Belle-ville<\/td>\n<\/tr>\n<tr class=\"row-4\">\n\t<td class=\"column-1\">3<\/td><td class=\"column-2\">Bethel<\/td><td class=\"column-3\">20 97 37 59<\/td><td class=\"column-4\">Sect. 21 (Colsama) \u00e0 100m du temple Bethel<\/td>\n<\/tr>\n<tr class=\"row-5\">\n\t<td class=\"column-1\">4<\/td><td class=\"column-2\">Colombe<\/td><td class=\"column-3\">02 75 72 40<\/td><td class=\"column-4\">Sect 11, Colma, route D\u00e9dougou \u00e0 200m de Wend-Konta<\/td>\n<\/tr>\n<tr class=\"row-6\">\n\t<td class=\"column-1\">6<\/td><td class=\"column-2\">Esperance<\/td><td class=\"column-3\">20 97 47 17<\/td><td class=\"column-4\">Bindougousso \u00e0 200m de Maderssa Salam<\/td>\n<\/tr>\n<tr class=\"row-7\">\n\t<td class=\"column-1\">7<\/td><td class=\"column-2\">Fanyansa<\/td><td class=\"column-3\">20 97 14 80<\/td><td class=\"column-4\">Av. Nelson Mandela \u00e0 100m du centre des jeunes de Ouezzin-ville<\/td>\n<\/tr>\n<tr class=\"row-8\">\n\t<td class=\"column-1\">8<\/td><td class=\"column-2\">Harmonie<\/td><td class=\"column-3\">20 97 07 17<\/td><td class=\"column-4\">Lafiabougou, route de Orodara<\/td>\n<\/tr>\n<tr class=\"row-9\">\n\t<td class=\"column-1\">9<\/td><td class=\"column-2\">Jolean<\/td><td class=\"column-3\">20 98 21 20<\/td><td class=\"column-4\">Sect. 22, entre le plateau Y\u00eagu\u00e9r\u00e9 et CMA 22<\/td>\n<\/tr>\n<tr class=\"row-10\">\n\t<td class=\"column-1\">10<\/td><td class=\"column-2\">Kiri<\/td><td class=\"column-3\">52 73 20 20<\/td><td class=\"column-4\">Face CSPS de KIRI, sect 23<\/td>\n<\/tr>\n<tr class=\"row-11\">\n\t<td class=\"column-1\">11<\/td><td class=\"column-2\">Levant<\/td><td class=\"column-3\">20 97 03 33<\/td><td class=\"column-4\">Sikasso Sira route camp miltaire Ouezzin Coulibaly<\/td>\n<\/tr>\n<tr class=\"row-12\">\n\t<td class=\"column-1\">12<\/td><td class=\"column-2\">Orlea<\/td><td class=\"column-3\">25 39 25 33<\/td><td class=\"column-4\">Sect. 19, zone industrielle port sec, route de Banfora<\/td>\n<\/tr>\n<tr class=\"row-13\">\n\t<td class=\"column-1\">13<\/td><td class=\"column-2\">Remedis<\/td><td class=\"column-3\">20 97 09 52<\/td><td class=\"column-4\">Sect. 05 entre Maison de la culture et place de la femme<\/td>\n<\/tr>\n<tr class=\"row-14\">\n\t<td class=\"column-1\">14<\/td><td class=\"column-2\">Moderne<\/td><td class=\"column-3\">20 97 02 50<\/td><td class=\"column-4\">Sect. 05 entre Maison de la culture et place de la femme<\/td>\n<\/tr>\n<tr class=\"row-15\">\n\t<td class=\"column-1\">15<\/td><td class=\"column-2\">Sala<\/td><td class=\"column-3\">20 97 18 89<\/td><td class=\"column-4\">Colma, route de Bo o 2010 \u00e0 200 m des rails<\/td>\n<\/tr>\n<tr class=\"row-16\">\n\t<td class=\"column-1\">16<\/td><td class=\"column-2\">Sibiri<\/td><td class=\"column-3\">20 97 79 02<\/td><td class=\"column-4\">Sect. 25, route de Ouaga, coll\u00e9 \u00e0 la Pyramide<\/td>\n<\/tr>\n<tr class=\"row-17\">\n\t<td class=\"column-1\">17<\/td><td class=\"column-2\">Wobi<\/td><td class=\"column-3\">20 97 36 97<\/td><td class=\"column-4\">Av. de la R\u00e9publique face Ex gare de SOGEBAF<\/td>\n<\/tr>\n<\/tbody>\n<\/table>\n<!-- #tablepress-2 from cache --><\/div>\n\t\t\t\t\t\t<\/div>\n\t\t\t\t<\/div>\n\t\t            <\/div>\n        <\/div>\n                <div class=\"elementor-column elementor-col-33 elementor-top-column elementor-element elementor-element-7593240\" data-id=\"7593240\" data-element_type=\"column\">\n        <div class=\"elementor-widget-wrap elementor-element-populated\">\n                    \n        \t\t<div class=\"elementor-element elementor-element-3ac22f2 elementor-widget elementor-widget-ct_navigation_menu\" data-id=\"3ac22f2\" data-element_type=\"widget\" data-widget_type=\"ct_navigation_menu.default\">\n\t\t\t\t<div class=\"elementor-widget-container\">\n\t\t\t\t\t    <div id=\"ct_navigation_menu-3ac22f2\" class=\"ct-navigation-menu1 style-modern\">\r\n        <div class=\"menu-menu-bobo-container\"><ul id=\"menu-menu-bobo\" class=\"menu\"><li id=\"menu-item-6147\" class=\"menu-item menu-item-type-post_type menu-item-object-page menu-item-6147\"><a href=\"https:\/\/ordrepharmacien.bf\/index.php\/groupe-1-bobo\/\">Groupe 1 \u2013 Bobo<\/a><\/li>\n<li id=\"menu-item-6144\" class=\"menu-item menu-item-type-post_type menu-item-object-page menu-item-6144\"><a href=\"https:\/\/ordrepharmacien.bf\/index.php\/groupe-2-bobo\/\">Groupe 2 \u2013 Bobo<\/a><\/li>\n<li id=\"menu-item-6145\" class=\"menu-item menu-item-type-post_type menu-item-object-page menu-item-6145\"><a href=\"https:\/\/ordrepharmacien.bf\/index.php\/groupe-3-bobo\/\">Groupe 3 \u2013 Bobo<\/a><\/li>\n<li id=\"menu-item-6146\" class=\"menu-item menu-item-type-post_type menu-item-object-page menu-item-6146\"><a href=\"https:\/\/ordrepharmacien.bf\/index.php\/groupe-4-bobo\/\">Groupe 4 \u2013 Bobo<\/a><\/li>\n<\/ul><\/div>    <\/div>\r\n\t\t\t\t<\/div>\n\t\t\t\t<\/div>\n\t\t\t\t<div class=\"elementor-element elementor-element-4009ac1 elementor-widget elementor-widget-spacer\" data-id=\"4009ac1\" data-element_type=\"widget\" data-widget_type=\"spacer.default\">\n\t\t\t\t<div class=\"elementor-widget-container\">\n\t\t\t\t\t\t\t<div class=\"elementor-spacer\">\n\t\t\t<div class=\"elementor-spacer-inner\"><\/div>\n\t\t<\/div>\n\t\t\t\t\t\t<\/div>\n\t\t\t\t<\/div>\n\t\t\t\t<div class=\"elementor-element elementor-element-9e0ce7c elementor-widget elementor-widget-ct_heading\" data-id=\"9e0ce7c\" data-element_type=\"widget\" data-widget_type=\"ct_heading.default\">\n\t\t\t\t<div class=\"elementor-widget-container\">\n\t\t\t\t\t<div id=\"ct_heading-9e0ce7c\" class=\"ct-heading h-align- sub-style1 ct-heading-left item-st-default\">\r\n    <div class=\"ct-item--inner\">\r\n        <div class=\"ct-inline-css\" data-css=\"\r\n            \">\r\n        <\/div>\r\n                <h3 class=\"item--title st-default case-animate-time\" data-wow-delay=\"ms\">\r\n                        <span class=\"sp-main\">\r\n                \r\n                Contact\r\n                \r\n                            <\/span>\r\n                    <\/h3>\r\n    <\/div>\r\n<\/div>\t\t\t\t<\/div>\n\t\t\t\t<\/div>\n\t\t\t\t<div class=\"elementor-element elementor-element-15b65d9 elementor-widget elementor-widget-ct_contact_info\" data-id=\"15b65d9\" data-element_type=\"widget\" data-widget_type=\"ct_contact_info.default\">\n\t\t\t\t<div class=\"elementor-widget-container\">\n\t\t\t\t\t    <ul id=\"ct_contact_info-15b65d9\" class=\"ct-contact-info ct-contact-info1 style2 \">\r\n        <div class=\"ct-inline-css\"  data-css=\"\r\n            \">\r\n\r\n        <\/div>\r\n                    <li>\r\n            \t\t\t\t        <span class=\"ct-contact-icon\">\r\n\t\t                <i aria-hidden=\"true\" class=\"fas fa-map-marked-alt\"><\/i>\t\t                \t\t\t        <\/span>\r\n\t\t\t                                                        <span class=\"ct-contact-content\">\r\n                       Sis au 1er \u00e9tage l'immeuble de la pharmacie SARFALO                    <\/span>\r\n                           <\/li>\r\n                    <li>\r\n            \t\t\t\t        <span class=\"ct-contact-icon\">\r\n\t\t                <i aria-hidden=\"true\" class=\"material zmdi zmdi-phone\"><\/i>\t\t                \t\t\t        <\/span>\r\n\t\t\t                                                        <span class=\"ct-contact-content\">\r\n                       +226 20 97 76 26                    <\/span>\r\n                           <\/li>\r\n                    <li>\r\n            \t\t\t\t        <span class=\"ct-contact-icon\">\r\n\t\t                <i aria-hidden=\"true\" class=\"material zmdi zmdi-email-open\"><\/i>\t\t                \t\t\t        <\/span>\r\n\t\t\t                                                        <span class=\"ct-contact-content\">\r\n                       conseilregional.bobo@gmail.com                    <\/span>\r\n                           <\/li>\r\n            <\/ul>\r\n\t\t\t\t<\/div>\n\t\t\t\t<\/div>\n\t\t\t\t<div class=\"elementor-element elementor-element-39e3356 elementor-widget elementor-widget-spacer\" data-id=\"39e3356\" data-element_type=\"widget\" data-widget_type=\"spacer.default\">\n\t\t\t\t<div class=\"elementor-widget-container\">\n\t\t\t\t\t\t\t<div class=\"elementor-spacer\">\n\t\t\t<div class=\"elementor-spacer-inner\"><\/div>\n\t\t<\/div>\n\t\t\t\t\t\t<\/div>\n\t\t\t\t<\/div>\n\t\t\t\t<div class=\"elementor-element elementor-element-cfe5c81 elementor-widget elementor-widget-ct_download\" data-id=\"cfe5c81\" data-element_type=\"widget\" data-widget_type=\"ct_download.default\">\n\t\t\t\t<div class=\"elementor-widget-container\">\n\t\t\t\t\t    <div class=\"ct-download\">\r\n                    <div class=\"item--download\">\r\n                <a href=\"https:\/\/ordrepharmacien.bf\/wp-content\/uploads\/2025\/07\/carte_pharmacie_Bobo.pdf\" target=\"_blank\">\r\n            \t<i aria-hidden=\"true\" class=\"flaticon flaticon-map\"><\/i>                                <span>Cartographie des pharmacies<\/span>\r\n            \t<\/a>\r\n           <\/div>\r\n            <\/div>\r\n\t\t\t\t<\/div>\n\t\t\t\t<\/div>\n\t\t            <\/div>\n        <\/div>\n                    <\/div>\n        <\/section>\n        \t\t<\/div>\n\t\t","protected":false},"excerpt":{"rendered":"<p>Pharmacie Groupe 1 Bobo Groupe 1 \u2013 Bobo Groupe 2 \u2013 Bobo Groupe 3 \u2013 Bobo Groupe 4 \u2013 Bobo Contact Sis au 1er \u00e9tage l&#8217;immeuble de la pharmacie SARFALO +226 20 97 76 26 conseilregional.bobo@gmail.com Cartographie des pharmacies<\/p>\n","protected":false},"author":1,"featured_media":0,"parent":0,"menu_order":0,"comment_status":"closed","ping_status":"closed","template":"","meta":{"footnotes":""},"class_list":["post-6003","page","type-page","status-publish","hentry"],"_links":{"self":[{"href":"https:\/\/ordrepharmacien.bf\/index.php\/wp-json\/wp\/v2\/pages\/6003","targetHints":{"allow":["GET"]}}],"collection":[{"href":"https:\/\/ordrepharmacien.bf\/index.php\/wp-json\/wp\/v2\/pages"}],"about":[{"href":"https:\/\/ordrepharmacien.bf\/index.php\/wp-json\/wp\/v2\/types\/page"}],"author":[{"embeddable":true,"href":"https:\/\/ordrepharmacien.bf\/index.php\/wp-json\/wp\/v2\/users\/1"}],"replies":[{"embeddable":true,"href":"https:\/\/ordrepharmacien.bf\/index.php\/wp-json\/wp\/v2\/comments?post=6003"}],"version-history":[{"count":0,"href":"https:\/\/ordrepharmacien.bf\/index.php\/wp-json\/wp\/v2\/pages\/6003\/revisions"}],"wp:attachment":[{"href":"https:\/\/ordrepharmacien.bf\/index.php\/wp-json\/wp\/v2\/media?parent=6003"}],"curies":[{"name":"wp","href":"https:\/\/api.w.org\/{rel}","templated":true}]}}