{"id":5656,"date":"2025-06-09T23:50:56","date_gmt":"2025-06-09T21:50:56","guid":{"rendered":"https:\/\/ordrepharmacien.bf\/?page_id=5656"},"modified":"2025-07-08T20:49:52","modified_gmt":"2025-07-08T18:49:52","slug":"documentation","status":"publish","type":"page","link":"https:\/\/ordrepharmacien.bf\/index.php\/documentation\/","title":{"rendered":"Documentation"},"content":{"rendered":"\t\t<div data-elementor-type=\"wp-page\" data-elementor-id=\"5656\" class=\"elementor elementor-5656\">\n\t\t\t\t        <section class=\"elementor-section elementor-top-section elementor-element elementor-element-b3151ea elementor-section-boxed elementor-section-height-default elementor-section-height-default ct-header-fixed-none ct-row-max-none\" data-id=\"b3151ea\" data-element_type=\"section\">\n            \n                        <div class=\"elementor-container elementor-column-gap-extended \">\n                    <div class=\"elementor-column elementor-col-100 elementor-top-column elementor-element elementor-element-ff9f11f\" data-id=\"ff9f11f\" data-element_type=\"column\">\n        <div class=\"elementor-widget-wrap elementor-element-populated\">\n                    \n        \r\n\t\t<div class=\"elementor-element elementor-element-abe10c2 elementor-widget elementor-widget-ct_heading\" data-id=\"abe10c2\" data-element_type=\"widget\" data-widget_type=\"ct_heading.default\">\n\t\t\t\t<div class=\"elementor-widget-container\">\n\t\t\t\t\t<div id=\"ct_heading-abe10c2\" class=\"ct-heading h-align- sub-style6 ct-heading-left item-st-default\">\r\n    <div class=\"ct-item--inner\">\r\n        <div class=\"ct-inline-css\" data-css=\"\r\n            \">\r\n        <\/div>\r\n                    <div class=\"item--sub-title style6 show-line\">\r\n                                                                Documentation                                                                            <\/div>\r\n                <h3 class=\"item--title st-default wow wow fadeInUp\" data-wow-delay=\"ms\">\r\n                        <span class=\"sp-main\">\r\n                \r\n                Textes normatifs, Articles et alertes sur les m\u00e9dicaments\r\n                \r\n                            <\/span>\r\n                    <\/h3>\r\n    <\/div>\r\n<\/div>\t\t\t\t<\/div>\n\t\t\t\t<\/div>\n\t\t            <\/div>\n        <\/div>\n                    <\/div>\n        <\/section>\n        <div class=\"elementor-element elementor-element-e4dab0f e-flex e-con-boxed e-con e-parent\" data-id=\"e4dab0f\" data-element_type=\"container\">\n\t\t\t\t\t<div class=\"e-con-inner\">\n\t\t\t\t<div class=\"elementor-element elementor-element-375ef517 elementor-widget elementor-widget-text-editor\" data-id=\"375ef517\" data-element_type=\"widget\" data-widget_type=\"text-editor.default\">\n\t\t\t\t<div class=\"elementor-widget-container\">\n\t\t\t\t\t\t\t\t\t<p>\t\t<input type=\"hidden\" name=\"category-search-1\" value=\"\" class=\"category-search-1\"><\/p>\n<table id=\"document-library-1\" class=\"document-library-table\" data-page-length=\"20\" data-paging=\"false\" data-click-filter=\"true\" data-scroll-offset=\"15\" data-order=\"[]\" cellspacing=\"0\" width=\"100%\">\n<thead>\n<tr>\n<th data-name=\"image\" data-priority=\"6\" data-width=\"\" data-orderable=\"false\">Image<\/th>\n<th data-name=\"title\" data-priority=\"1\" data-width=\"\" data-orderable=\"true\">Title<\/th>\n<th data-name=\"content\" data-priority=\"5\" data-width=\"\" data-orderable=\"true\">Content<\/th>\n<th data-name=\"doc_categories\" data-priority=\"7\" data-width=\"\" data-orderable=\"true\">Categories<\/th>\n<th data-name=\"link\" data-priority=\"4\" data-width=\"\" data-orderable=\"false\">Link<\/th>\n<\/tr>\n<\/thead>\n<tbody>\n<tr>\n<td><\/td>\n<td>R\u00e9pertoire_des_pharmacies_hospitali\u00e8res_autoris\u00e9es_VF_2025_Non_Control\u00e9<\/td>\n<td>R\u00e9pertoire_des_pharmacies_hospitali\u00e8res_autoris\u00e9es_VF_2025_Non_Control\u00e9<\/td>\n<td><a href=\"https:\/\/ordrepharmacien.bf\/index.php\/document-category\/repertoires\/\" rel=\"tag\">R\u00e9pertoires<\/a><\/td>\n<td><a href=\"https:\/\/ordrepharmacien.bf\/wp-content\/uploads\/2026\/01\/Repertoire_des_pharmacies_hospitalieres_autorisees_VF_2025_Non_Controle.pdf\" class=\"dll-download-button document-library-button button btn\"  download=\"Repertoire_des_pharmacies_hospitalieres_autorisees_VF_2025_Non_Controle.pdf\" type=\"application\/pdf\">T\u00e9l\u00e9charger<\/a><\/td>\n<\/tr>\n<tr>\n<td><\/td>\n<td>R\u00e9pertoire_des_officines_pharmaceutiques_priv\u00e9es_VF_2025_Non_Control\u00e9<\/td>\n<td>R\u00e9pertoire_des_officines_pharmaceutiques_priv\u00e9es_VF_2025_Non_Control\u00e9<\/td>\n<td><a href=\"https:\/\/ordrepharmacien.bf\/index.php\/document-category\/repertoires\/\" rel=\"tag\">R\u00e9pertoires<\/a><\/td>\n<td><a href=\"https:\/\/ordrepharmacien.bf\/wp-content\/uploads\/2026\/01\/Repertoire_des_officines_pharmaceutiques_privees_VF_2025_Non_Controle.pdf\" class=\"dll-download-button document-library-button button btn\"  download=\"Repertoire_des_officines_pharmaceutiques_privees_VF_2025_Non_Controle.pdf\" type=\"application\/pdf\">T\u00e9l\u00e9charger<\/a><\/td>\n<\/tr>\n<tr>\n<td><\/td>\n<td>R\u00e9pertoire_des_Laboratoires_dAnalyses_de_Biologie_M\u00e9dicale_priv\u00e9s_VF_2025_Non_Control\u00e9<\/td>\n<td>R\u00e9pertoire_des_Laboratoires_dAnalyses_de_Biologie_M\u00e9dicale_priv\u00e9s_VF_2025_Non_Control\u00e9<\/td>\n<td><a href=\"https:\/\/ordrepharmacien.bf\/index.php\/document-category\/repertoires\/\" rel=\"tag\">R\u00e9pertoires<\/a><\/td>\n<td><a href=\"https:\/\/ordrepharmacien.bf\/wp-content\/uploads\/2026\/01\/Repertoire_des_Laboratoires_dAnalyses_de_Biologie_Medicale_prives_VF_2025_Non_Controle.pdf\" class=\"dll-download-button document-library-button button btn\"  download=\"Repertoire_des_Laboratoires_dAnalyses_de_Biologie_Medicale_prives_VF_2025_Non_Controle.pdf\" type=\"application\/pdf\">T\u00e9l\u00e9charger<\/a><\/td>\n<\/tr>\n<tr>\n<td><\/td>\n<td>R\u00e9pertoire_des_\u00e9tablissements_pharmaceutiques_distribution_ou_de_vente_en_gros_VF_2025_Non_Control\u00e9<\/td>\n<td>R\u00e9pertoire_des_\u00e9tablissements_pharmaceutiques_distribution_ou_de_vente_en_gros_VF_2025_Non_Control\u00e9<\/td>\n<td><a href=\"https:\/\/ordrepharmacien.bf\/index.php\/document-category\/repertoires\/\" rel=\"tag\">R\u00e9pertoires<\/a><\/td>\n<td><a href=\"https:\/\/ordrepharmacien.bf\/wp-content\/uploads\/2026\/01\/Repertoire_des_etablissements_pharmaceutiques_distribution_ou_de_vente_en_gros_VF_2025_Non_Controle.pdf\" class=\"dll-download-button document-library-button button btn\"  download=\"Repertoire_des_etablissements_pharmaceutiques_distribution_ou_de_vente_en_gros_VF_2025_Non_Controle.pdf\" type=\"application\/pdf\">T\u00e9l\u00e9charger<\/a><\/td>\n<\/tr>\n<tr>\n<td><\/td>\n<td>R\u00e9pertoire_des_\u00e9tablissements_de_pr\u00e9paration_VF_2025_Non_Control\u00e9<\/td>\n<td>R\u00e9pertoire_des_\u00e9tablissements_de_pr\u00e9paration_VF_2025_Non_Control\u00e9<\/td>\n<td><a href=\"https:\/\/ordrepharmacien.bf\/index.php\/document-category\/repertoires\/\" rel=\"tag\">R\u00e9pertoires<\/a><\/td>\n<td><a href=\"https:\/\/ordrepharmacien.bf\/wp-content\/uploads\/2026\/01\/Repertoire_des_etablissements_de_preparation_VF_2025_Non_Controle.pdf\" class=\"dll-download-button document-library-button button btn\"  download=\"Repertoire_des_etablissements_de_preparation_VF_2025_Non_Controle.pdf\" type=\"application\/pdf\">T\u00e9l\u00e9charger<\/a><\/td>\n<\/tr>\n<tr>\n<td><\/td>\n<td>R\u00e9pertoire des agences de promotion autoris\u00e9es VF 2025 Non Contr\u00f4l\u00e9<\/td>\n<td>R\u00e9pertoire des agences de promotion autoris\u00e9es VF 2025 Non Contr\u00f4l\u00e9<\/td>\n<td><a href=\"https:\/\/ordrepharmacien.bf\/index.php\/document-category\/repertoires\/\" rel=\"tag\">R\u00e9pertoires<\/a><\/td>\n<td><a href=\"https:\/\/ordrepharmacien.bf\/wp-content\/uploads\/2026\/01\/Repertoire_des_agences_de_promotion_autorisees_VF_2025_Non_Controle.pdf\" class=\"dll-download-button document-library-button button btn\"  download=\"Repertoire_des_agences_de_promotion_autorisees_VF_2025_Non_Controle.pdf\" type=\"application\/pdf\">T\u00e9l\u00e9charger<\/a><\/td>\n<\/tr>\n<tr>\n<td><\/td>\n<td>Arr\u00eat\u00e9 2025 708 MS CAB portant autorisation de cession et de poursuite d&#8217;exploitation<\/td>\n<td>Arr\u00eat\u00e9 2025 708 MS CAB portant autorisation de cession et de poursuite d&#8217;exploitation<\/td>\n<td><a href=\"https:\/\/ordrepharmacien.bf\/index.php\/document-category\/texte-normatif\/\" rel=\"tag\">Texte normatif<\/a><\/td>\n<td><a href=\"https:\/\/ordrepharmacien.bf\/wp-content\/uploads\/2026\/01\/Arrete-2025-708-MS-CAB-portant-autorisation-de-cession-et-de-poursuite-dexploitation-1-1.pdf\" class=\"dll-download-button document-library-button button btn\"  download=\"Arrete-2025-708-MS-CAB-portant-autorisation-de-cession-et-de-poursuite-dexploitation-1-1.pdf\" type=\"application\/pdf\">T\u00e9l\u00e9charger<\/a><\/td>\n<\/tr>\n<tr>\n<td><\/td>\n<td>Arr\u00eat\u00e9 2025 707 MS CAB portant r\u00e9glementation du transfert d&#8217;une officine<\/td>\n<td>Arr\u00eat\u00e9 2025 707 MS CAB portant r\u00e9glementation du transfert d&#8217;une officine<\/td>\n<td><a href=\"https:\/\/ordrepharmacien.bf\/index.php\/document-category\/texte-normatif\/\" rel=\"tag\">Texte normatif<\/a><\/td>\n<td><a href=\"https:\/\/ordrepharmacien.bf\/wp-content\/uploads\/2026\/01\/Arrete-2025-707-MS-CAB-portant-reglementation-du-transfert-dune-officine.pdf\" class=\"dll-download-button document-library-button button btn\"  download=\"Arrete-2025-707-MS-CAB-portant-reglementation-du-transfert-dune-officine.pdf\" type=\"application\/pdf\">T\u00e9l\u00e9charger<\/a><\/td>\n<\/tr>\n<tr>\n<td><\/td>\n<td>Tableau 2025 de L&#8217;Ordre National des  Pharmaciens du Burkina Faso<\/td>\n<td>Liste des pharmaciens autoris\u00e9s \u00e0 exercer leur profession au Burkina Faso<\/td>\n<td><\/td>\n<td><a href=\"https:\/\/ordrepharmacien.bf\/wp-content\/uploads\/2025\/07\/TABLEAU-ONPBF-2025.pdf\" class=\"dll-download-button document-library-button button btn\"  download=\"TABLEAU-ONPBF-2025.pdf\" type=\"application\/pdf\">T\u00e9l\u00e9charger<\/a><\/td>\n<\/tr>\n<tr>\n<td><\/td>\n<td>Alerte produit m\u00e9dical N\u00b0 2\/2025<\/td>\n<td>Alerte produit m\u00e9dical N\u00b0 2\/2025 G\u00e9lules de 500 mg d&#8217;HEALMOXY (amoxlcllllne) falsifi\u00e9es identifi\u00e9es dans la &hellip;<\/td>\n<td><a href=\"https:\/\/ordrepharmacien.bf\/index.php\/document-category\/bulletin-alerte\/\" rel=\"tag\">Bulletin d&#8217; alerte<\/a><\/td>\n<td><a href=\"https:\/\/ordrepharmacien.bf\/wp-content\/uploads\/2019\/11\/alerte_Amoxiciline-falsifie.pdf\" class=\"dll-download-button document-library-button button btn\"  download=\"alerte_Amoxiciline-falsifie.pdf\" type=\"application\/pdf\">T\u00e9l\u00e9charger<\/a><\/td>\n<\/tr>\n<tr>\n<td><\/td>\n<td>Arr\u00eate conjoint de la chambre de discipline de l\u2019ordre national des pharmaciens<\/td>\n<td>Arr\u00eate conjoint n\u00b0 2014 \u2013 \/MS\/MJ portant composition et fonctionnement de la chambre de discipline &hellip;<\/td>\n<td><a href=\"https:\/\/ordrepharmacien.bf\/index.php\/document-category\/texte-normatif\/\" rel=\"tag\">Texte normatif<\/a><\/td>\n<td><a href=\"https:\/\/ordrepharmacien.bf\/wp-content\/uploads\/2025\/06\/Arr\u00act\u00ae-conjoint-Chambre-discipline.pdf\" class=\"dll-download-button document-library-button button btn\"  download=\"Arr\u00act\u00ae-conjoint-Chambre-discipline.pdf\" type=\"application\/pdf\">T\u00e9l\u00e9charger<\/a><\/td>\n<\/tr>\n<tr>\n<td><\/td>\n<td>R\u00e8glement Int\u00e9rieur de l\u2019 Ordre National des Pharmaciens du Burkina Faso<\/td>\n<td>Arr\u00eat\u00e9 n\u00b02014-390\/MS\/CAB Portant R\u00e8glement Int\u00e9rieur de l\u2019 Ordre National des Pharmaciens du Burkina Faso<\/td>\n<td><a href=\"https:\/\/ordrepharmacien.bf\/index.php\/document-category\/texte-normatif\/\" rel=\"tag\">Texte normatif<\/a><\/td>\n<td><a href=\"https:\/\/ordrepharmacien.bf\/wp-content\/uploads\/2025\/06\/Arrete-portant-Reglement-interieur-1.pdf\" class=\"dll-download-button document-library-button button btn\"  download=\"Arrete-portant-Reglement-interieur-1.pdf\" type=\"application\/pdf\">T\u00e9l\u00e9charger<\/a><\/td>\n<\/tr>\n<tr>\n<td><\/td>\n<td>Les sections du tableau de l\u2019ordre national des pharmaciens du Burkina Faso<\/td>\n<td>Arr\u00eat\u00e9 n\u00b02014 \u2013 \/MS\/CAB Portant d\u00e9termination des sections du tableau de l\u2019ordre national des pharmaciens &hellip;<\/td>\n<td><a href=\"https:\/\/ordrepharmacien.bf\/index.php\/document-category\/texte-normatif\/\" rel=\"tag\">Texte normatif<\/a><\/td>\n<td><a href=\"https:\/\/ordrepharmacien.bf\/wp-content\/uploads\/2025\/06\/Arr\u00act\u00ae-D\u00aetermination-Sections.pdf\" class=\"dll-download-button document-library-button button btn\"  download=\"Arr\u00act\u00ae-D\u00aetermination-Sections.pdf\" type=\"application\/pdf\">T\u00e9l\u00e9charger<\/a><\/td>\n<\/tr>\n<tr>\n<td><\/td>\n<td>Code de d\u00e9ontologie des pharmaciens du Burkina Faso<\/td>\n<td>DECRET N\u00b02014- 047 \/PRES\/PM\/MS portant code de d\u00e9ontologie des pharmaciens du Burkina Faso.<\/td>\n<td><a href=\"https:\/\/ordrepharmacien.bf\/index.php\/document-category\/texte-normatif\/\" rel=\"tag\">Texte normatif<\/a><\/td>\n<td><a href=\"https:\/\/ordrepharmacien.bf\/wp-content\/uploads\/2025\/06\/Decret-portant-code-de-deontologie-des-pharmaciens-du-BF-1.pdf\" class=\"dll-download-button document-library-button button btn\"  download=\"Decret-portant-code-de-deontologie-des-pharmaciens-du-BF-1.pdf\" type=\"application\/pdf\">T\u00e9l\u00e9charger<\/a><\/td>\n<\/tr>\n<tr>\n<td><\/td>\n<td>La loi n\u00b0027\/AN du 05 juin 2012<\/td>\n<td>La loi n\u00b0027\/AN du 05 juin 2012 portant cr\u00e9ation, attributions, organisation et fonctionnement de l\u2019ordre &hellip;<\/td>\n<td><a href=\"https:\/\/ordrepharmacien.bf\/index.php\/document-category\/texte-normatif\/\" rel=\"tag\">Texte normatif<\/a><\/td>\n<td><a href=\"https:\/\/ordrepharmacien.bf\/wp-content\/uploads\/2025\/06\/Loi_Ordre-des-pharmaciens-1.pdf\" class=\"dll-download-button document-library-button button btn\"  download=\"Loi_Ordre-des-pharmaciens-1.pdf\" type=\"application\/pdf\">T\u00e9l\u00e9charger<\/a><\/td>\n<\/tr>\n<\/tbody>\n<\/table>\n\t\t\t\t\t\t\t\t<\/div>\n\t\t\t\t<\/div>\n\t\t\t\t\t<\/div>\n\t\t\t\t<\/div>\n\t\t\t\t<\/div>\n\t\t","protected":false},"excerpt":{"rendered":"<p>Documentation Textes normatifs, Articles et alertes sur les m\u00e9dicaments<\/p>\n","protected":false},"author":1,"featured_media":0,"parent":0,"menu_order":0,"comment_status":"closed","ping_status":"closed","template":"","meta":{"footnotes":""},"class_list":["post-5656","page","type-page","status-publish","hentry"],"_links":{"self":[{"href":"https:\/\/ordrepharmacien.bf\/index.php\/wp-json\/wp\/v2\/pages\/5656","targetHints":{"allow":["GET"]}}],"collection":[{"href":"https:\/\/ordrepharmacien.bf\/index.php\/wp-json\/wp\/v2\/pages"}],"about":[{"href":"https:\/\/ordrepharmacien.bf\/index.php\/wp-json\/wp\/v2\/types\/page"}],"author":[{"embeddable":true,"href":"https:\/\/ordrepharmacien.bf\/index.php\/wp-json\/wp\/v2\/users\/1"}],"replies":[{"embeddable":true,"href":"https:\/\/ordrepharmacien.bf\/index.php\/wp-json\/wp\/v2\/comments?post=5656"}],"version-history":[{"count":0,"href":"https:\/\/ordrepharmacien.bf\/index.php\/wp-json\/wp\/v2\/pages\/5656\/revisions"}],"wp:attachment":[{"href":"https:\/\/ordrepharmacien.bf\/index.php\/wp-json\/wp\/v2\/media?parent=5656"}],"curies":[{"name":"wp","href":"https:\/\/api.w.org\/{rel}","templated":true}]}}