{"id":5481,"date":"2025-06-09T02:29:17","date_gmt":"2025-06-09T00:29:17","guid":{"rendered":"https:\/\/ordrepharmacien.bf\/?page_id=5481"},"modified":"2025-07-04T17:54:47","modified_gmt":"2025-07-04T15:54:47","slug":"bureau-national","status":"publish","type":"page","link":"https:\/\/ordrepharmacien.bf\/index.php\/bureau-national\/","title":{"rendered":"Bureau National"},"content":{"rendered":"\t\t<div data-elementor-type=\"wp-page\" data-elementor-id=\"5481\" class=\"elementor elementor-5481\">\n\t\t\t\t        <section class=\"elementor-section elementor-top-section elementor-element elementor-element-5bdd264 elementor-section-boxed elementor-section-height-default elementor-section-height-default ct-header-fixed-none ct-row-max-none\" data-id=\"5bdd264\" data-element_type=\"section\">\n            \n                        <div class=\"elementor-container elementor-column-gap-extended \">\n                    <div class=\"elementor-column elementor-col-33 elementor-top-column elementor-element elementor-element-7ba1efa\" data-id=\"7ba1efa\" data-element_type=\"column\">\n        <div class=\"elementor-widget-wrap elementor-element-populated\">\n                    \n        \r\n\t\t<div class=\"elementor-element elementor-element-22db0e0 line-sub-preset2 elementor-widget__width-initial elementor-widget elementor-widget-ct_heading\" data-id=\"22db0e0\" data-element_type=\"widget\" data-widget_type=\"ct_heading.default\">\n\t\t\t\t<div class=\"elementor-widget-container\">\n\t\t\t\t\t<div id=\"ct_heading-22db0e0\" class=\"ct-heading h-align- sub-style10 ct-heading-left item-st-line-left3\">\r\n    <div class=\"ct-item--inner\">\r\n        <div class=\"ct-inline-css\" data-css=\"\r\n            \">\r\n        <\/div>\r\n                    <div class=\"item--sub-title style10 -line\">\r\n                                                    <span class=\"sub-dots\"><span><\/span><\/span>\r\n                                                Mandat 2024-2027                                                                            <\/div>\r\n                <h3 class=\"item--title st-line-left3 wow wow fadeInLeft\" data-wow-delay=\"ms\">\r\n                        <span class=\"sp-main\">\r\n                \r\n                Bureau du Conseil National de l&#8217;Ordre des Pharmaciens\r\n                \r\n                                    <i class=\"dot-shape\">\r\n                        <i><\/i>\r\n                        <i><\/i>\r\n                        <i><\/i>\r\n                        <i><\/i>\r\n                        <i><\/i>\r\n                        <i><\/i>\r\n                    <\/i>\r\n                            <\/span>\r\n                    <\/h3>\r\n    <\/div>\r\n<\/div>\t\t\t\t<\/div>\n\t\t\t\t<\/div>\n\t\t        <section class=\"elementor-section elementor-inner-section elementor-element elementor-element-d970630 elementor-hidden-tablet elementor-hidden-phone elementor-section-boxed elementor-section-height-default elementor-section-height-default ct-header-fixed-none ct-row-max-none\" data-id=\"d970630\" data-element_type=\"section\">\n            \n                        <div class=\"elementor-container elementor-column-gap-no \">\n                    <div class=\"elementor-column elementor-col-50 elementor-inner-column elementor-element elementor-element-87a1dcf\" data-id=\"87a1dcf\" data-element_type=\"column\">\n        <div class=\"elementor-widget-wrap elementor-element-populated\">\n                    \n        \t\t<div class=\"elementor-element elementor-element-ebd2656 elementor-invisible elementor-widget elementor-widget-spacer\" data-id=\"ebd2656\" data-element_type=\"widget\" data-settings=\"{&quot;_animation&quot;:&quot;fadeInUp&quot;}\" data-widget_type=\"spacer.default\">\n\t\t\t\t<div class=\"elementor-widget-container\">\n\t\t\t\t\t\t\t<div class=\"elementor-spacer\">\n\t\t\t<div class=\"elementor-spacer-inner\"><\/div>\n\t\t<\/div>\n\t\t\t\t\t\t<\/div>\n\t\t\t\t<\/div>\n\t\t            <\/div>\n        <\/div>\n                <div class=\"elementor-column elementor-col-50 elementor-inner-column elementor-element elementor-element-34b91eb\" data-id=\"34b91eb\" data-element_type=\"column\">\n        <div class=\"elementor-widget-wrap elementor-element-populated\">\n                    \n        \t\t<div class=\"elementor-element elementor-element-1ef74b8 elementor-widget__width-initial elementor-widget elementor-widget-ct_logo\" data-id=\"1ef74b8\" data-element_type=\"widget\" data-widget_type=\"ct_logo.default\">\n\t\t\t\t<div class=\"elementor-widget-container\">\n\t\t\t\t\t    <div class=\"ct-logo \">\r\n                    <img decoding=\"async\" width=\"150\" height=\"148\" src=\"https:\/\/ordrepharmacien.bf\/wp-content\/uploads\/2019\/10\/logo.jpg\" class=\"attachment-full\" alt=\"\" \/>            <\/div>\r\n\t\t\t\t<\/div>\n\t\t\t\t<\/div>\n\t\t            <\/div>\n        <\/div>\n                    <\/div>\n        <\/section>\n                    <\/div>\n        <\/div>\n                <div class=\"elementor-column elementor-col-66 elementor-top-column elementor-element elementor-element-bd30232\" data-id=\"bd30232\" data-element_type=\"column\">\n        <div class=\"elementor-widget-wrap elementor-element-populated\">\n                    \n        \t\t<div class=\"elementor-element elementor-element-6d5bd99 elementor-widget__width-initial elementor-widget elementor-widget-ct_team_grid\" data-id=\"6d5bd99\" data-element_type=\"widget\" data-widget_type=\"ct_team_grid.default\">\n\t\t\t\t<div class=\"elementor-widget-container\">\n\t\t\t\t\t    <div class=\"ct-grid ct-team-grid ct-team-grid3\">\r\n        <div class=\"ct-grid-inner ct-grid-masonry row animate-time\" data-gutter=\"15\">\r\n                            <div class=\"grid-item col-xl-12 col-lg-12 col-md-12 col-sm-12 col-12\">\r\n                    <div class=\"item--inner wow fadeInUp\">\r\n                                                    <div class=\"item--image\">\r\n                                <div class=\"item--desc\">Pr\u00e9sident du Bureau National de l'Ordre<\/div>\r\n                                <img fetchpriority=\"high\" decoding=\"async\" class=\"disable-lazy \" src=\"https:\/\/ordrepharmacien.bf\/wp-content\/uploads\/2025\/06\/NAO_NEDIE_BN-360x360.jpg\" width=\"360\" height=\"360\" alt=\"NAO_NEDIE_BN\" title=\"NAO_NEDIE_BN\" \/>                                <a ><\/a>\r\n                            <\/div>\r\n                                                <h3 class=\"item--title\">    \r\n                            Dr NAO Nedi\u00e9                        <\/h3>\r\n                        <div class=\"item--holder\">\r\n                            <div class=\"item--social\">\r\n                                                                        <a href=\"#\" target=\"_blank\"><i class=\"\"><\/i><\/a>\r\n                                                                            <a href=\"#\" target=\"_blank\"><i class=\"\"><\/i><\/a>\r\n                                                                            <a href=\"#\" target=\"_blank\"><i class=\"\"><\/i><\/a>\r\n                                                                            <a href=\"#\" target=\"_blank\"><i class=\"\"><\/i><\/a>\r\n                                                                <\/div>\r\n                            <div class=\"item--position\">Pr\u00e9sident<\/div>\r\n                        <\/div>\r\n                   <\/div>\r\n                <\/div>\r\n                        <div class=\"grid-sizer col-xl-12 col-lg-12 col-md-12 col-sm-12 col-12\"><\/div>\r\n        <\/div>\r\n    <\/div>\r\n\t\t\t\t<\/div>\n\t\t\t\t<\/div>\n\t\t            <\/div>\n        <\/div>\n                    <\/div>\n        <\/section>\n                <section class=\"elementor-section elementor-top-section elementor-element elementor-element-17bf726 elementor-section-boxed elementor-section-height-default elementor-section-height-default ct-header-fixed-none ct-row-max-none\" data-id=\"17bf726\" data-element_type=\"section\" data-settings=\"{&quot;background_background&quot;:&quot;classic&quot;}\">\n            \n                        <div class=\"elementor-container elementor-column-gap-extended \">\n                    <div class=\"elementor-column elementor-col-100 elementor-top-column elementor-element elementor-element-1c73308\" data-id=\"1c73308\" data-element_type=\"column\">\n        <div class=\"elementor-widget-wrap elementor-element-populated\">\n                    \n        \t\t<div class=\"elementor-element elementor-element-d46eb5b elementor-widget elementor-widget-ct_team_grid\" data-id=\"d46eb5b\" data-element_type=\"widget\" data-widget_type=\"ct_team_grid.default\">\n\t\t\t\t<div class=\"elementor-widget-container\">\n\t\t\t\t\t    <div class=\"ct-grid ct-team-grid ct-team-grid1 style1\">\r\n        <div class=\"ct-grid-inner ct-grid-masonry row animate-time\" data-gutter=\"7\">\r\n                            <div class=\"grid-item col-xl-4 col-lg-4 col-md-4 col-sm-6 col-12\">\r\n                    <div class=\"item--inner \">\r\n                    \t                            <div class=\"item--image\">\r\n                                <a ><img decoding=\"async\" width=\"600\" height=\"800\" src=\"https:\/\/ordrepharmacien.bf\/wp-content\/uploads\/2025\/06\/Bonkoungou-Victor.jpg\" class=\"disable-lazy attachment-full\" alt=\"\" \/><\/a>\r\n                                <div class=\"item--social\">\r\n                                                                    <\/div>\r\n                            <\/div>\r\n                                                <div class=\"item--meta-wrap\">\r\n                            <div class=\"item--meta\">\r\n                            \t<h3 class=\"item--title\">\t\r\n                \t            \tDr BONKOUNGOU Victor                \t\t        <\/h3>\r\n                \t\t        <span class=\"item--position\">Secr\u00e9taire g\u00e9n\u00e9ral<\/span>\r\n                                                            <\/div>\r\n                        <\/div>\r\n                   <\/div>\r\n                <\/div>\r\n                            <div class=\"grid-item col-xl-4 col-lg-4 col-md-4 col-sm-6 col-12\">\r\n                    <div class=\"item--inner \">\r\n                    \t                            <div class=\"item--image\">\r\n                                <a ><img loading=\"lazy\" decoding=\"async\" width=\"600\" height=\"800\" src=\"https:\/\/ordrepharmacien.bf\/wp-content\/uploads\/2025\/06\/Nebie_Issouf.jpg\" class=\"disable-lazy attachment-full\" alt=\"\" \/><\/a>\r\n                                <div class=\"item--social\">\r\n                                                                    <\/div>\r\n                            <\/div>\r\n                                                <div class=\"item--meta-wrap\">\r\n                            <div class=\"item--meta\">\r\n                            \t<h3 class=\"item--title\">\t\r\n                \t            \tDr NEBIE Issoufou                \t\t        <\/h3>\r\n                \t\t        <span class=\"item--position\">Secr\u00e9taire g\u00e9n\u00e9ral adjoint<\/span>\r\n                                                            <\/div>\r\n                        <\/div>\r\n                   <\/div>\r\n                <\/div>\r\n                            <div class=\"grid-item col-xl-4 col-lg-4 col-md-4 col-sm-6 col-12\">\r\n                    <div class=\"item--inner \">\r\n                    \t                            <div class=\"item--image\">\r\n                                <a ><img loading=\"lazy\" decoding=\"async\" width=\"600\" height=\"800\" src=\"https:\/\/ordrepharmacien.bf\/wp-content\/uploads\/2025\/06\/Alade.jpg\" class=\"disable-lazy attachment-full\" alt=\"\" \/><\/a>\r\n                                <div class=\"item--social\">\r\n                                                                    <\/div>\r\n                            <\/div>\r\n                                                <div class=\"item--meta-wrap\">\r\n                            <div class=\"item--meta\">\r\n                            \t<h3 class=\"item--title\">\t\r\n                \t            \tDr LAMIZANA Djenebou ep. Alad\u00e9                 \t\t        <\/h3>\r\n                \t\t        <span class=\"item--position\">Tr\u00e9sori\u00e8re<\/span>\r\n                                                            <\/div>\r\n                        <\/div>\r\n                   <\/div>\r\n                <\/div>\r\n                            <div class=\"grid-item col-xl-4 col-lg-4 col-md-4 col-sm-6 col-12\">\r\n                    <div class=\"item--inner \">\r\n                    \t                            <div class=\"item--image\">\r\n                                <a ><img loading=\"lazy\" decoding=\"async\" width=\"600\" height=\"800\" src=\"https:\/\/ordrepharmacien.bf\/wp-content\/uploads\/2025\/06\/Sombie_Charle.jpg\" class=\"disable-lazy attachment-full\" alt=\"\" \/><\/a>\r\n                                <div class=\"item--social\">\r\n                                                                    <\/div>\r\n                            <\/div>\r\n                                                <div class=\"item--meta-wrap\">\r\n                            <div class=\"item--meta\">\r\n                            \t<h3 class=\"item--title\">\t\r\n                \t            \tDr SOMBIE Charles                \t\t        <\/h3>\r\n                \t\t        <span class=\"item--position\">Secr\u00e9taire charg\u00e9 de l\u2019organisation et de la formation continue<\/span>\r\n                                                            <\/div>\r\n                        <\/div>\r\n                   <\/div>\r\n                <\/div>\r\n                            <div class=\"grid-item col-xl-4 col-lg-4 col-md-4 col-sm-6 col-12\">\r\n                    <div class=\"item--inner \">\r\n                    \t                            <div class=\"item--image\">\r\n                                <a ><img loading=\"lazy\" decoding=\"async\" width=\"600\" height=\"800\" src=\"https:\/\/ordrepharmacien.bf\/wp-content\/uploads\/2025\/06\/Sanou_Pascaline.jpg\" class=\"disable-lazy attachment-full\" alt=\"\" \/><\/a>\r\n                                <div class=\"item--social\">\r\n                                                                    <\/div>\r\n                            <\/div>\r\n                                                <div class=\"item--meta-wrap\">\r\n                            <div class=\"item--meta\">\r\n                            \t<h3 class=\"item--title\">\t\r\n                \t            \tDr SANOU Pascaline                \t\t        <\/h3>\r\n                \t\t        <span class=\"item--position\">Secr\u00e9taire charg\u00e9e de l\u2019information et de la communication<\/span>\r\n                                                            <\/div>\r\n                        <\/div>\r\n                   <\/div>\r\n                <\/div>\r\n                            <div class=\"grid-item col-xl-4 col-lg-4 col-md-4 col-sm-6 col-12\">\r\n                    <div class=\"item--inner \">\r\n                    \t                            <div class=\"item--image\">\r\n                                <a ><img loading=\"lazy\" decoding=\"async\" width=\"600\" height=\"800\" src=\"https:\/\/ordrepharmacien.bf\/wp-content\/uploads\/2025\/06\/Mme-Djiguemede.jpg\" class=\"disable-lazy attachment-full\" alt=\"\" \/><\/a>\r\n                                <div class=\"item--social\">\r\n                                                                    <\/div>\r\n                            <\/div>\r\n                                                <div class=\"item--meta-wrap\">\r\n                            <div class=\"item--meta\">\r\n                            \t<h3 class=\"item--title\">\t\r\n                \t            \tDr TOE Natacha ep. DJIGUIMDE                \t\t        <\/h3>\r\n                \t\t        <span class=\"item--position\">Secr\u00e9taire charg\u00e9e de la r\u00e8glementation <\/span>\r\n                                                            <\/div>\r\n                        <\/div>\r\n                   <\/div>\r\n                <\/div>\r\n                        <div class=\"grid-sizer col-xl-4 col-lg-4 col-md-4 col-sm-6 col-12\"><\/div>\r\n        <\/div>\r\n    <\/div>\r\n\t\t\t\t<\/div>\n\t\t\t\t<\/div>\n\t\t            <\/div>\n        <\/div>\n                    <\/div>\n        <\/section>\n        \t\t<\/div>\n\t\t","protected":false},"excerpt":{"rendered":"<p>Mandat 2024-2027 Bureau du Conseil National de l&#8217;Ordre des Pharmaciens Pr\u00e9sident du Bureau National de l&#8217;Ordre Dr NAO Nedi\u00e9 Pr\u00e9sident Dr BONKOUNGOU Victor Secr\u00e9taire g\u00e9n\u00e9ral Dr NEBIE Issoufou Secr\u00e9taire g\u00e9n\u00e9ral adjoint Dr LAMIZANA Djenebou ep. Alad\u00e9 Tr\u00e9sori\u00e8re Dr SOMBIE Charles Secr\u00e9taire charg\u00e9 de l\u2019organisation et de la formation continue Dr SANOU Pascaline Secr\u00e9taire charg\u00e9e de [&hellip;]<\/p>\n","protected":false},"author":1,"featured_media":0,"parent":0,"menu_order":0,"comment_status":"closed","ping_status":"closed","template":"","meta":{"footnotes":""},"class_list":["post-5481","page","type-page","status-publish","hentry"],"_links":{"self":[{"href":"https:\/\/ordrepharmacien.bf\/index.php\/wp-json\/wp\/v2\/pages\/5481","targetHints":{"allow":["GET"]}}],"collection":[{"href":"https:\/\/ordrepharmacien.bf\/index.php\/wp-json\/wp\/v2\/pages"}],"about":[{"href":"https:\/\/ordrepharmacien.bf\/index.php\/wp-json\/wp\/v2\/types\/page"}],"author":[{"embeddable":true,"href":"https:\/\/ordrepharmacien.bf\/index.php\/wp-json\/wp\/v2\/users\/1"}],"replies":[{"embeddable":true,"href":"https:\/\/ordrepharmacien.bf\/index.php\/wp-json\/wp\/v2\/comments?post=5481"}],"version-history":[{"count":0,"href":"https:\/\/ordrepharmacien.bf\/index.php\/wp-json\/wp\/v2\/pages\/5481\/revisions"}],"wp:attachment":[{"href":"https:\/\/ordrepharmacien.bf\/index.php\/wp-json\/wp\/v2\/media?parent=5481"}],"curies":[{"name":"wp","href":"https:\/\/api.w.org\/{rel}","templated":true}]}}