{"id":5448,"date":"2025-06-09T00:48:09","date_gmt":"2025-06-08T22:48:09","guid":{"rendered":"https:\/\/ordrepharmacien.bf\/?page_id=5448"},"modified":"2025-07-22T15:19:39","modified_gmt":"2025-07-22T13:19:39","slug":"conseil-regional-fada","status":"publish","type":"page","link":"https:\/\/ordrepharmacien.bf\/index.php\/conseil-regional-fada\/","title":{"rendered":"Bureau du Conseil R\u00e9gional de Fada"},"content":{"rendered":"\t\t<div data-elementor-type=\"wp-page\" data-elementor-id=\"5448\" class=\"elementor elementor-5448\">\n\t\t\t\t        <section class=\"elementor-section elementor-top-section elementor-element elementor-element-d92e2d2 elementor-section-boxed elementor-section-height-default elementor-section-height-default ct-header-fixed-none ct-row-max-none\" data-id=\"d92e2d2\" data-element_type=\"section\">\n            \n                        <div class=\"elementor-container elementor-column-gap-extended \">\n                    <div class=\"elementor-column elementor-col-33 elementor-top-column elementor-element elementor-element-98029d4\" data-id=\"98029d4\" data-element_type=\"column\">\n        <div class=\"elementor-widget-wrap elementor-element-populated\">\n                    \n        \r\n\t\t<div class=\"elementor-element elementor-element-8ac2f19 line-sub-preset2 elementor-widget__width-initial elementor-widget elementor-widget-ct_heading\" data-id=\"8ac2f19\" data-element_type=\"widget\" data-widget_type=\"ct_heading.default\">\n\t\t\t\t<div class=\"elementor-widget-container\">\n\t\t\t\t\t<div id=\"ct_heading-8ac2f19\" class=\"ct-heading h-align- sub-style10 ct-heading-left item-st-line-left3\">\r\n    <div class=\"ct-item--inner\">\r\n        <div class=\"ct-inline-css\" data-css=\"\r\n            \">\r\n        <\/div>\r\n                    <div class=\"item--sub-title style10 -line\">\r\n                                                    <span class=\"sub-dots\"><span><\/span><\/span>\r\n                                                Mandat 2024-2027 - REGION ORDINALE DE L\u2019EST                                                                            <\/div>\r\n                <h3 class=\"item--title st-line-left3 wow wow fadeInLeft\" data-wow-delay=\"ms\">\r\n                        <span class=\"sp-main\">\r\n                \r\n                Bureau du Conseil R\u00e9gional de Fada\r\n                \r\n                                    <i class=\"dot-shape\">\r\n                        <i><\/i>\r\n                        <i><\/i>\r\n                        <i><\/i>\r\n                        <i><\/i>\r\n                        <i><\/i>\r\n                        <i><\/i>\r\n                    <\/i>\r\n                            <\/span>\r\n                    <\/h3>\r\n    <\/div>\r\n<\/div>\t\t\t\t<\/div>\n\t\t\t\t<\/div>\n\t\t        <section class=\"elementor-section elementor-inner-section elementor-element elementor-element-6a9170f elementor-hidden-tablet elementor-hidden-phone elementor-section-boxed elementor-section-height-default elementor-section-height-default ct-header-fixed-none ct-row-max-none\" data-id=\"6a9170f\" data-element_type=\"section\">\n            \n                        <div class=\"elementor-container elementor-column-gap-no \">\n                    <div class=\"elementor-column elementor-col-100 elementor-inner-column elementor-element elementor-element-7525c5d\" data-id=\"7525c5d\" data-element_type=\"column\">\n        <div class=\"elementor-widget-wrap elementor-element-populated\">\n                    \n        \t\t<div class=\"elementor-element elementor-element-5758f85 elementor-widget elementor-widget-ct_button\" data-id=\"5758f85\" data-element_type=\"widget\" data-widget_type=\"ct_button.default\">\n\t\t\t\t<div class=\"elementor-widget-container\">\n\t\t\t\t\t<div id=\"ct_button-5758f85\" class=\"ct-button-wrapper ct-button-layout1 icon- btn--inline \">\r\n    <div class=\"ct-inline-css\"  data-css=\"\r\n        \">\r\n    <\/div>\r\n            <span class=\"ct-icon-active\"><\/span>\r\n        <a href=\"https:\/\/ordrepharmacien.bf\/index.php\/les-conseils-regionaux\/\" class=\"btn btn-outline-primary icon-active btn-inline-block  \" data-wow-delay=\"ms\">\r\n                            <span class=\"ct-button-icon ct-align-icon-\">\r\n                            <\/span>\r\n                <span class=\"ct-button-text\">Les missions du conseil r\u00e9gional<\/span>\r\n    <\/a>\r\n<\/div>\t\t\t\t<\/div>\n\t\t\t\t<\/div>\n\t\t            <\/div>\n        <\/div>\n                    <\/div>\n        <\/section>\n                    <\/div>\n        <\/div>\n                <div class=\"elementor-column elementor-col-66 elementor-top-column elementor-element elementor-element-f385612\" data-id=\"f385612\" data-element_type=\"column\">\n        <div class=\"elementor-widget-wrap elementor-element-populated\">\n                    \n        \t\t<div class=\"elementor-element elementor-element-a57e708 elementor-widget__width-initial elementor-widget elementor-widget-ct_team_grid\" data-id=\"a57e708\" data-element_type=\"widget\" data-widget_type=\"ct_team_grid.default\">\n\t\t\t\t<div class=\"elementor-widget-container\">\n\t\t\t\t\t    <div class=\"ct-grid ct-team-grid ct-team-grid3\">\r\n        <div class=\"ct-grid-inner ct-grid-masonry row animate-time\" data-gutter=\"15\">\r\n                            <div class=\"grid-item col-xl-12 col-lg-12 col-md-12 col-sm-12 col-12\">\r\n                    <div class=\"item--inner wow fadeInUp\">\r\n                                                    <div class=\"item--image\">\r\n                                <div class=\"item--desc\">Pr\u00e9sident de la R\u00e9gion Ordinale de l'Est<\/div>\r\n                                <img fetchpriority=\"high\" decoding=\"async\" class=\"disable-lazy \" src=\"https:\/\/ordrepharmacien.bf\/wp-content\/uploads\/2025\/07\/dr_some_y-360x360.jpg\" width=\"360\" height=\"360\" alt=\"dr_some_y\" title=\"dr_some_y\" \/>                                <a ><\/a>\r\n                            <\/div>\r\n                                                <h3 class=\"item--title\">    \r\n                            Dr SOME Yirbatersob                        <\/h3>\r\n                        <div class=\"item--holder\">\r\n                            <div class=\"item--social\">\r\n                                                                        <a href=\"#\" target=\"_blank\"><i class=\"\"><\/i><\/a>\r\n                                                                            <a href=\"#\" target=\"_blank\"><i class=\"\"><\/i><\/a>\r\n                                                                            <a href=\"#\" target=\"_blank\"><i class=\"\"><\/i><\/a>\r\n                                                                            <a href=\"#\" target=\"_blank\"><i class=\"\"><\/i><\/a>\r\n                                                                <\/div>\r\n                            <div class=\"item--position\">Pr\u00e9sident<\/div>\r\n                        <\/div>\r\n                   <\/div>\r\n                <\/div>\r\n                        <div class=\"grid-sizer col-xl-12 col-lg-12 col-md-12 col-sm-12 col-12\"><\/div>\r\n        <\/div>\r\n    <\/div>\r\n\t\t\t\t<\/div>\n\t\t\t\t<\/div>\n\t\t            <\/div>\n        <\/div>\n                    <\/div>\n        <\/section>\n                <section class=\"elementor-section elementor-top-section elementor-element elementor-element-58487c9 elementor-section-boxed elementor-section-height-default elementor-section-height-default ct-header-fixed-none ct-row-max-none\" data-id=\"58487c9\" data-element_type=\"section\" data-settings=\"{&quot;background_background&quot;:&quot;classic&quot;}\">\n            \n                        <div class=\"elementor-container elementor-column-gap-extended \">\n                    <div class=\"elementor-column elementor-col-100 elementor-top-column elementor-element elementor-element-adc8868\" data-id=\"adc8868\" data-element_type=\"column\">\n        <div class=\"elementor-widget-wrap elementor-element-populated\">\n                    \n        \t\t<div class=\"elementor-element elementor-element-fa26a61 elementor-widget elementor-widget-ct_team_grid\" data-id=\"fa26a61\" data-element_type=\"widget\" data-widget_type=\"ct_team_grid.default\">\n\t\t\t\t<div class=\"elementor-widget-container\">\n\t\t\t\t\t    <div class=\"ct-grid ct-team-grid ct-team-grid1 style1\">\r\n        <div class=\"ct-grid-inner ct-grid-masonry row animate-time\" data-gutter=\"7\">\r\n                            <div class=\"grid-item col-xl-4 col-lg-4 col-md-4 col-sm-6 col-12\">\r\n                    <div class=\"item--inner \">\r\n                    \t                            <div class=\"item--image\">\r\n                                <a ><\/a>\r\n                                <div class=\"item--social\">\r\n                                                                    <\/div>\r\n                            <\/div>\r\n                                                <div class=\"item--meta-wrap\">\r\n                            <div class=\"item--meta\">\r\n                            \t<h3 class=\"item--title\">\t\r\n                \t            \tDr SOUBEIGA T. Anicet                \t\t        <\/h3>\r\n                \t\t        <span class=\"item--position\">Secr\u00e9taire g\u00e9n\u00e9ral<\/span>\r\n                                                            <\/div>\r\n                        <\/div>\r\n                   <\/div>\r\n                <\/div>\r\n                            <div class=\"grid-item col-xl-4 col-lg-4 col-md-4 col-sm-6 col-12\">\r\n                    <div class=\"item--inner \">\r\n                    \t                            <div class=\"item--image\">\r\n                                <a ><\/a>\r\n                                <div class=\"item--social\">\r\n                                                                    <\/div>\r\n                            <\/div>\r\n                                                <div class=\"item--meta-wrap\">\r\n                            <div class=\"item--meta\">\r\n                            \t<h3 class=\"item--title\">\t\r\n                \t            \tDr TAMBOURA Inna K. Fatouma                \t\t        <\/h3>\r\n                \t\t        <span class=\"item--position\">Secr\u00e9taire g\u00e9n\u00e9ral adjoint<\/span>\r\n                                                            <\/div>\r\n                        <\/div>\r\n                   <\/div>\r\n                <\/div>\r\n                            <div class=\"grid-item col-xl-4 col-lg-4 col-md-4 col-sm-6 col-12\">\r\n                    <div class=\"item--inner \">\r\n                    \t                            <div class=\"item--image\">\r\n                                <a ><\/a>\r\n                                <div class=\"item--social\">\r\n                                                                    <\/div>\r\n                            <\/div>\r\n                                                <div class=\"item--meta-wrap\">\r\n                            <div class=\"item--meta\">\r\n                            \t<h3 class=\"item--title\">\t\r\n                \t            \tDr DENTOUNDA\/KINTEGA  W. Carine                \t\t        <\/h3>\r\n                \t\t        <span class=\"item--position\">Tr\u00e9sori\u00e8re<\/span>\r\n                                                            <\/div>\r\n                        <\/div>\r\n                   <\/div>\r\n                <\/div>\r\n                            <div class=\"grid-item col-xl-4 col-lg-4 col-md-4 col-sm-6 col-12\">\r\n                    <div class=\"item--inner \">\r\n                    \t                            <div class=\"item--image\">\r\n                                <a ><\/a>\r\n                                <div class=\"item--social\">\r\n                                                                    <\/div>\r\n                            <\/div>\r\n                                                <div class=\"item--meta-wrap\">\r\n                            <div class=\"item--meta\">\r\n                            \t<h3 class=\"item--title\">\t\r\n                \t            \tDr SOULLA ABDOULAYE                \t\t        <\/h3>\r\n                \t\t        <span class=\"item--position\">Secr\u00e9taire charg\u00e9 de l\u2019organisation et de la formation continue<\/span>\r\n                                                            <\/div>\r\n                        <\/div>\r\n                   <\/div>\r\n                <\/div>\r\n                            <div class=\"grid-item col-xl-4 col-lg-4 col-md-4 col-sm-6 col-12\">\r\n                    <div class=\"item--inner \">\r\n                    \t                            <div class=\"item--image\">\r\n                                <a ><\/a>\r\n                                <div class=\"item--social\">\r\n                                                                    <\/div>\r\n                            <\/div>\r\n                                                <div class=\"item--meta-wrap\">\r\n                            <div class=\"item--meta\">\r\n                            \t<h3 class=\"item--title\">\t\r\n                \t            \tDr KERE  L. Ahmad                \t\t        <\/h3>\r\n                \t\t        <span class=\"item--position\">Secr\u00e9taire charg\u00e9e de l\u2019information et de la communication<\/span>\r\n                                                            <\/div>\r\n                        <\/div>\r\n                   <\/div>\r\n                <\/div>\r\n                            <div class=\"grid-item col-xl-4 col-lg-4 col-md-4 col-sm-6 col-12\">\r\n                    <div class=\"item--inner \">\r\n                    \t                            <div class=\"item--image\">\r\n                                <a ><\/a>\r\n                                <div class=\"item--social\">\r\n                                                                    <\/div>\r\n                            <\/div>\r\n                                                <div class=\"item--meta-wrap\">\r\n                            <div class=\"item--meta\">\r\n                            \t<h3 class=\"item--title\">\t\r\n                \t            \tDr GOUBA Tokina Simon                \t\t        <\/h3>\r\n                \t\t        <span class=\"item--position\">Secr\u00e9taire charg\u00e9e de la r\u00e8glementation <\/span>\r\n                                                            <\/div>\r\n                        <\/div>\r\n                   <\/div>\r\n                <\/div>\r\n                        <div class=\"grid-sizer col-xl-4 col-lg-4 col-md-4 col-sm-6 col-12\"><\/div>\r\n        <\/div>\r\n    <\/div>\r\n\t\t\t\t<\/div>\n\t\t\t\t<\/div>\n\t\t            <\/div>\n        <\/div>\n                    <\/div>\n        <\/section>\n                <section class=\"elementor-section elementor-top-section elementor-element elementor-element-42e3cc3 elementor-section-boxed elementor-section-height-default elementor-section-height-default ct-header-fixed-none ct-row-max-none\" data-id=\"42e3cc3\" data-element_type=\"section\">\n            \n                        <div class=\"elementor-container elementor-column-gap-extended \">\n                    <div class=\"elementor-column elementor-col-33 elementor-top-column elementor-element elementor-element-4357db4\" data-id=\"4357db4\" data-element_type=\"column\">\n        <div class=\"elementor-widget-wrap elementor-element-populated\">\n                    \n        \t\t<div class=\"elementor-element elementor-element-e80de3d line-sub-preset2 elementor-widget__width-initial elementor-widget elementor-widget-ct_heading\" data-id=\"e80de3d\" data-element_type=\"widget\" data-widget_type=\"ct_heading.default\">\n\t\t\t\t<div class=\"elementor-widget-container\">\n\t\t\t\t\t<div id=\"ct_heading-e80de3d\" class=\"ct-heading h-align- sub-style10 ct-heading-left item-st-default\">\r\n    <div class=\"ct-item--inner\">\r\n        <div class=\"ct-inline-css\" data-css=\"\r\n            \">\r\n        <\/div>\r\n                    <div class=\"item--sub-title style10 -line\">\r\n                                                    <span class=\"sub-dots\"><span><\/span><\/span>\r\n                                                Ressort territorial de la r\u00e9gion ordinale\u00a0de l&#039;est                                                                            <\/div>\r\n                <h3 class=\"item--title st-default wow wow fadeInLeft\" data-wow-delay=\"ms\">\r\n                        <span class=\"sp-main\">\r\n                \r\n                \r\n                \r\n                            <\/span>\r\n                    <\/h3>\r\n    <\/div>\r\n<\/div>\t\t\t\t<\/div>\n\t\t\t\t<\/div>\n\t\t        <section class=\"elementor-section elementor-inner-section elementor-element elementor-element-3baa9d2 elementor-hidden-tablet elementor-hidden-phone elementor-section-boxed elementor-section-height-default elementor-section-height-default ct-header-fixed-none ct-row-max-none\" data-id=\"3baa9d2\" data-element_type=\"section\">\n            \n                        <div class=\"elementor-container elementor-column-gap-no \">\n                    <div class=\"elementor-column elementor-col-50 elementor-inner-column elementor-element elementor-element-4bf80b3\" data-id=\"4bf80b3\" data-element_type=\"column\">\n        <div class=\"elementor-widget-wrap\">\n                    \n                    <\/div>\n        <\/div>\n                <div class=\"elementor-column elementor-col-50 elementor-inner-column elementor-element elementor-element-912509c\" data-id=\"912509c\" data-element_type=\"column\">\n        <div class=\"elementor-widget-wrap elementor-element-populated\">\n                    \n        \t\t<div class=\"elementor-element elementor-element-74f31b5 elementor-widget elementor-widget-ct_list\" data-id=\"74f31b5\" data-element_type=\"widget\" data-widget_type=\"ct_list.default\">\n\t\t\t\t<div class=\"elementor-widget-container\">\n\t\t\t\t\t    <div class=\"ct-list style1 \">\r\n                    <div class=\"ct-list-item \" data-wow-delay=\"ms\">\r\n            \t<div class=\"ct-list-icon\">\r\n                                            <i class=\"fac fac-check-circle\"><\/i>\r\n                                    <\/div>\r\n            \t<div class=\"ct-list-meta\">\r\n\t            \t<div class=\"ct-list-desc\">\r\n\t            \t\tR\u00e9gion de l\u2019Est\n\t            \t<\/div>\r\n                    \t            <\/div>\r\n           <\/div>\r\n                    <div class=\"ct-list-item \" data-wow-delay=\"ms\">\r\n            \t<div class=\"ct-list-icon\">\r\n                                            <i class=\"fac fac-check-circle\"><\/i>\r\n                                    <\/div>\r\n            \t<div class=\"ct-list-meta\">\r\n\t            \t<div class=\"ct-list-desc\">\r\n\t            \t\tR\u00e9gion du Sahel\t            \t<\/div>\r\n                    \t            <\/div>\r\n           <\/div>\r\n                    <div class=\"ct-list-item \" data-wow-delay=\"ms\">\r\n            \t<div class=\"ct-list-icon\">\r\n                                            <i class=\"fac fac-check-circle\"><\/i>\r\n                                    <\/div>\r\n            \t<div class=\"ct-list-meta\">\r\n\t            \t<div class=\"ct-list-desc\">\r\n\t            \t\tR\u00e9gion du Centre-Est\t            \t<\/div>\r\n                    \t            <\/div>\r\n           <\/div>\r\n                    <div class=\"ct-list-item \" data-wow-delay=\"ms\">\r\n            \t<div class=\"ct-list-icon\">\r\n                                            <i class=\"fac fac-check-circle\"><\/i>\r\n                                    <\/div>\r\n            \t<div class=\"ct-list-meta\">\r\n\t            \t<div class=\"ct-list-desc\">\r\n\t            \t\tR\u00e9gion du Centre-Nord\t            \t<\/div>\r\n                    \t            <\/div>\r\n           <\/div>\r\n            <\/div>\r\n\t\t\t\t<\/div>\n\t\t\t\t<\/div>\n\t\t            <\/div>\n        <\/div>\n                    <\/div>\n        <\/section>\n                    <\/div>\n        <\/div>\n                <div class=\"elementor-column elementor-col-66 elementor-top-column elementor-element elementor-element-f5d3ca2\" data-id=\"f5d3ca2\" data-element_type=\"column\">\n        <div class=\"elementor-widget-wrap elementor-element-populated\">\n                    \n        \t\t<div class=\"elementor-element elementor-element-b0c2826 elementor-widget elementor-widget-image\" data-id=\"b0c2826\" data-element_type=\"widget\" data-widget_type=\"image.default\">\n\t\t\t\t<div class=\"elementor-widget-container\">\n\t\t\t\t\t\t\t\t\t\t\t\t\t\t\t<img decoding=\"async\" width=\"500\" height=\"360\" src=\"https:\/\/ordrepharmacien.bf\/wp-content\/uploads\/2025\/06\/crest-fada.png\" class=\"attachment-large size-large wp-image-5450\" alt=\"\" srcset=\"https:\/\/ordrepharmacien.bf\/wp-content\/uploads\/2025\/06\/crest-fada.png 500w, https:\/\/ordrepharmacien.bf\/wp-content\/uploads\/2025\/06\/crest-fada-300x216.png 300w\" sizes=\"(max-width: 500px) 100vw, 500px\" \/>\t\t\t\t\t\t\t\t\t\t\t\t\t\t\t<\/div>\n\t\t\t\t<\/div>\n\t\t            <\/div>\n        <\/div>\n                    <\/div>\n        <\/section>\n        \t\t<\/div>\n\t\t","protected":false},"excerpt":{"rendered":"<p>Mandat 2024-2027 &#8211; REGION ORDINALE DE L\u2019EST Bureau du Conseil R\u00e9gional de Fada Les missions du conseil r\u00e9gional Pr\u00e9sident de la R\u00e9gion Ordinale de l&#8217;Est Dr SOME Yirbatersob Pr\u00e9sident Dr SOUBEIGA T. Anicet Secr\u00e9taire g\u00e9n\u00e9ral Dr TAMBOURA Inna K. Fatouma Secr\u00e9taire g\u00e9n\u00e9ral adjoint Dr DENTOUNDA\/KINTEGA W. Carine Tr\u00e9sori\u00e8re Dr SOULLA ABDOULAYE Secr\u00e9taire charg\u00e9 de l\u2019organisation [&hellip;]<\/p>\n","protected":false},"author":1,"featured_media":0,"parent":0,"menu_order":0,"comment_status":"closed","ping_status":"closed","template":"","meta":{"footnotes":""},"class_list":["post-5448","page","type-page","status-publish","hentry"],"_links":{"self":[{"href":"https:\/\/ordrepharmacien.bf\/index.php\/wp-json\/wp\/v2\/pages\/5448","targetHints":{"allow":["GET"]}}],"collection":[{"href":"https:\/\/ordrepharmacien.bf\/index.php\/wp-json\/wp\/v2\/pages"}],"about":[{"href":"https:\/\/ordrepharmacien.bf\/index.php\/wp-json\/wp\/v2\/types\/page"}],"author":[{"embeddable":true,"href":"https:\/\/ordrepharmacien.bf\/index.php\/wp-json\/wp\/v2\/users\/1"}],"replies":[{"embeddable":true,"href":"https:\/\/ordrepharmacien.bf\/index.php\/wp-json\/wp\/v2\/comments?post=5448"}],"version-history":[{"count":3,"href":"https:\/\/ordrepharmacien.bf\/index.php\/wp-json\/wp\/v2\/pages\/5448\/revisions"}],"predecessor-version":[{"id":6912,"href":"https:\/\/ordrepharmacien.bf\/index.php\/wp-json\/wp\/v2\/pages\/5448\/revisions\/6912"}],"wp:attachment":[{"href":"https:\/\/ordrepharmacien.bf\/index.php\/wp-json\/wp\/v2\/media?parent=5448"}],"curies":[{"name":"wp","href":"https:\/\/api.w.org\/{rel}","templated":true}]}}