{"id":5440,"date":"2025-06-09T00:31:48","date_gmt":"2025-06-08T22:31:48","guid":{"rendered":"https:\/\/ordrepharmacien.bf\/?page_id=5440"},"modified":"2025-07-22T15:15:18","modified_gmt":"2025-07-22T13:15:18","slug":"conseil-regional-bobo","status":"publish","type":"page","link":"https:\/\/ordrepharmacien.bf\/index.php\/conseil-regional-bobo\/","title":{"rendered":"Bureau du Conseil R\u00e9gional de Bobo"},"content":{"rendered":"\t\t<div data-elementor-type=\"wp-page\" data-elementor-id=\"5440\" class=\"elementor elementor-5440\">\n\t\t\t\t        <section class=\"elementor-section elementor-top-section elementor-element elementor-element-68529e2 elementor-section-boxed elementor-section-height-default elementor-section-height-default ct-header-fixed-none ct-row-max-none\" data-id=\"68529e2\" data-element_type=\"section\">\n            \n                        <div class=\"elementor-container elementor-column-gap-extended \">\n                    <div class=\"elementor-column elementor-col-33 elementor-top-column elementor-element elementor-element-351a35a\" data-id=\"351a35a\" data-element_type=\"column\">\n        <div class=\"elementor-widget-wrap elementor-element-populated\">\n                    \n        \r\n\t\t<div class=\"elementor-element elementor-element-e9f4336 line-sub-preset2 elementor-widget__width-initial elementor-widget elementor-widget-ct_heading\" data-id=\"e9f4336\" data-element_type=\"widget\" data-widget_type=\"ct_heading.default\">\n\t\t\t\t<div class=\"elementor-widget-container\">\n\t\t\t\t\t<div id=\"ct_heading-e9f4336\" class=\"ct-heading h-align- sub-style10 ct-heading-left item-st-line-left3\">\r\n    <div class=\"ct-item--inner\">\r\n        <div class=\"ct-inline-css\" data-css=\"\r\n            \">\r\n        <\/div>\r\n                    <div class=\"item--sub-title style10 -line\">\r\n                                                    <span class=\"sub-dots\"><span><\/span><\/span>\r\n                                                Mandat 2024-2027 - REGION ORDINALE DE L\u2019OUEST                                                                            <\/div>\r\n                <h3 class=\"item--title st-line-left3 wow wow fadeInLeft\" data-wow-delay=\"ms\">\r\n                        <span class=\"sp-main\">\r\n                \r\n                Bureau du Conseil R\u00e9gional de Bobo Dioulasso\r\n                \r\n                                    <i class=\"dot-shape\">\r\n                        <i><\/i>\r\n                        <i><\/i>\r\n                        <i><\/i>\r\n                        <i><\/i>\r\n                        <i><\/i>\r\n                        <i><\/i>\r\n                    <\/i>\r\n                            <\/span>\r\n                    <\/h3>\r\n    <\/div>\r\n<\/div>\t\t\t\t<\/div>\n\t\t\t\t<\/div>\n\t\t        <section class=\"elementor-section elementor-inner-section elementor-element elementor-element-2697ddf elementor-hidden-tablet elementor-hidden-phone elementor-section-boxed elementor-section-height-default elementor-section-height-default ct-header-fixed-none ct-row-max-none\" data-id=\"2697ddf\" data-element_type=\"section\">\n            \n                        <div class=\"elementor-container elementor-column-gap-no \">\n                    <div class=\"elementor-column elementor-col-50 elementor-inner-column elementor-element elementor-element-a665f8d\" data-id=\"a665f8d\" data-element_type=\"column\">\n        <div class=\"elementor-widget-wrap elementor-element-populated\">\n                    \n        \t\t<div class=\"elementor-element elementor-element-3af5037 elementor-invisible elementor-widget elementor-widget-spacer\" data-id=\"3af5037\" data-element_type=\"widget\" data-settings=\"{&quot;_animation&quot;:&quot;fadeInUp&quot;}\" data-widget_type=\"spacer.default\">\n\t\t\t\t<div class=\"elementor-widget-container\">\n\t\t\t\t\t\t\t<div class=\"elementor-spacer\">\n\t\t\t<div class=\"elementor-spacer-inner\"><\/div>\n\t\t<\/div>\n\t\t\t\t\t\t<\/div>\n\t\t\t\t<\/div>\n\t\t            <\/div>\n        <\/div>\n                <div class=\"elementor-column elementor-col-50 elementor-inner-column elementor-element elementor-element-bdcffa4\" data-id=\"bdcffa4\" data-element_type=\"column\">\n        <div class=\"elementor-widget-wrap elementor-element-populated\">\n                    \n        \t\t<div class=\"elementor-element elementor-element-22830d4 elementor-widget__width-initial elementor-widget elementor-widget-ct_logo\" data-id=\"22830d4\" data-element_type=\"widget\" data-widget_type=\"ct_logo.default\">\n\t\t\t\t<div class=\"elementor-widget-container\">\n\t\t\t\t\t    <div class=\"ct-logo \">\r\n                    <img decoding=\"async\" width=\"150\" height=\"148\" src=\"https:\/\/ordrepharmacien.bf\/wp-content\/uploads\/2019\/10\/logo.jpg\" class=\"attachment-full\" alt=\"\" \/>            <\/div>\r\n\t\t\t\t<\/div>\n\t\t\t\t<\/div>\n\t\t            <\/div>\n        <\/div>\n                    <\/div>\n        <\/section>\n                    <\/div>\n        <\/div>\n                <div class=\"elementor-column elementor-col-66 elementor-top-column elementor-element elementor-element-c89448a\" data-id=\"c89448a\" data-element_type=\"column\">\n        <div class=\"elementor-widget-wrap elementor-element-populated\">\n                    \n        \t\t<div class=\"elementor-element elementor-element-421b095 elementor-widget__width-initial elementor-widget elementor-widget-ct_team_grid\" data-id=\"421b095\" data-element_type=\"widget\" data-widget_type=\"ct_team_grid.default\">\n\t\t\t\t<div class=\"elementor-widget-container\">\n\t\t\t\t\t    <div class=\"ct-grid ct-team-grid ct-team-grid3\">\r\n        <div class=\"ct-grid-inner ct-grid-masonry row animate-time\" data-gutter=\"15\">\r\n                            <div class=\"grid-item col-xl-12 col-lg-12 col-md-12 col-sm-12 col-12\">\r\n                    <div class=\"item--inner wow fadeInUp\">\r\n                                                    <div class=\"item--image\">\r\n                                <div class=\"item--desc\">Pr\u00e9sident<\/div>\r\n                                <img fetchpriority=\"high\" decoding=\"async\" class=\"disable-lazy \" src=\"https:\/\/ordrepharmacien.bf\/wp-content\/uploads\/2025\/06\/Dr-Abdoul-Azize-DJIRE-President-du-CROP-Bobo-360x360.jpg\" width=\"360\" height=\"360\" alt=\"Dr Abdoul-Azize DJIRE [Pr\u00e9sident du CROP-Bobo]\" title=\"Dr Abdoul-Azize DJIRE [Pr\u00e9sident du CROP-Bobo]\" \/>                                <a href=\"https:\/\/ordrepharmacien.bf\/team-details\/\"><\/a>\r\n                            <\/div>\r\n                                                <h3 class=\"item--title\">    \r\n                            Dr DJIRE Abdoul Azize                        <\/h3>\r\n                        <div class=\"item--holder\">\r\n                            <div class=\"item--social\">\r\n                                                                        <a href=\"#\" target=\"_blank\"><i class=\"\"><\/i><\/a>\r\n                                                                            <a href=\"#\" target=\"_blank\"><i class=\"\"><\/i><\/a>\r\n                                                                            <a href=\"#\" target=\"_blank\"><i class=\"\"><\/i><\/a>\r\n                                                                            <a href=\"#\" target=\"_blank\"><i class=\"\"><\/i><\/a>\r\n                                                                <\/div>\r\n                            <div class=\"item--position\">Pr\u00e9sident<\/div>\r\n                        <\/div>\r\n                   <\/div>\r\n                <\/div>\r\n                        <div class=\"grid-sizer col-xl-12 col-lg-12 col-md-12 col-sm-12 col-12\"><\/div>\r\n        <\/div>\r\n    <\/div>\r\n\t\t\t\t<\/div>\n\t\t\t\t<\/div>\n\t\t            <\/div>\n        <\/div>\n                    <\/div>\n        <\/section>\n                <section class=\"elementor-section elementor-top-section elementor-element elementor-element-51673f1 elementor-section-boxed elementor-section-height-default elementor-section-height-default ct-header-fixed-none ct-row-max-none\" data-id=\"51673f1\" data-element_type=\"section\" data-settings=\"{&quot;background_background&quot;:&quot;classic&quot;}\">\n            \n                        <div class=\"elementor-container elementor-column-gap-extended \">\n                    <div class=\"elementor-column elementor-col-100 elementor-top-column elementor-element elementor-element-22edd1d\" data-id=\"22edd1d\" data-element_type=\"column\">\n        <div class=\"elementor-widget-wrap elementor-element-populated\">\n                    \n        \t\t<div class=\"elementor-element elementor-element-ee61bf3 elementor-widget elementor-widget-ct_team_grid\" data-id=\"ee61bf3\" data-element_type=\"widget\" data-widget_type=\"ct_team_grid.default\">\n\t\t\t\t<div class=\"elementor-widget-container\">\n\t\t\t\t\t    <div class=\"ct-grid ct-team-grid ct-team-grid1 style1\">\r\n        <div class=\"ct-grid-inner ct-grid-masonry row animate-time\" data-gutter=\"7\">\r\n                            <div class=\"grid-item col-xl-4 col-lg-4 col-md-4 col-sm-6 col-12\">\r\n                    <div class=\"item--inner \">\r\n                    \t                            <div class=\"item--image\">\r\n                                <a ><img decoding=\"async\" width=\"600\" height=\"762\" src=\"https:\/\/ordrepharmacien.bf\/wp-content\/uploads\/2025\/06\/Dr-Casimir-HIEMA-Secretaire-General-CROP-Bobo.jpg\" class=\"disable-lazy attachment-full\" alt=\"\" \/><\/a>\r\n                                <div class=\"item--social\">\r\n                                                                    <\/div>\r\n                            <\/div>\r\n                                                <div class=\"item--meta-wrap\">\r\n                            <div class=\"item--meta\">\r\n                            \t<h3 class=\"item--title\">\t\r\n                \t            \tDr HIEMA Casimir                \t\t        <\/h3>\r\n                \t\t        <span class=\"item--position\">Secr\u00e9taire g\u00e9n\u00e9ral<\/span>\r\n                                                            <\/div>\r\n                        <\/div>\r\n                   <\/div>\r\n                <\/div>\r\n                            <div class=\"grid-item col-xl-4 col-lg-4 col-md-4 col-sm-6 col-12\">\r\n                    <div class=\"item--inner \">\r\n                    \t                            <div class=\"item--image\">\r\n                                <a ><img loading=\"lazy\" decoding=\"async\" width=\"413\" height=\"429\" src=\"https:\/\/ordrepharmacien.bf\/wp-content\/uploads\/2025\/06\/Dr-Alimata-K-KONFE-Secretaire-Generale-Adjte-CROP-Bobo.jpg\" class=\"disable-lazy attachment-full\" alt=\"\" \/><\/a>\r\n                                <div class=\"item--social\">\r\n                                                                    <\/div>\r\n                            <\/div>\r\n                                                <div class=\"item--meta-wrap\">\r\n                            <div class=\"item--meta\">\r\n                            \t<h3 class=\"item--title\">\t\r\n                \t            \tDr KONFE K. Alimata                \t\t        <\/h3>\r\n                \t\t        <span class=\"item--position\">Secr\u00e9taire g\u00e9n\u00e9ral adjoint<\/span>\r\n                                                            <\/div>\r\n                        <\/div>\r\n                   <\/div>\r\n                <\/div>\r\n                            <div class=\"grid-item col-xl-4 col-lg-4 col-md-4 col-sm-6 col-12\">\r\n                    <div class=\"item--inner \">\r\n                    \t                            <div class=\"item--image\">\r\n                                <a ><img loading=\"lazy\" decoding=\"async\" width=\"600\" height=\"796\" src=\"https:\/\/ordrepharmacien.bf\/wp-content\/uploads\/2025\/06\/Dr-Aida-Diallo-Ep-BANAO-Tresoriere-CROP-Bobo.jpg\" class=\"disable-lazy attachment-full\" alt=\"\" \/><\/a>\r\n                                <div class=\"item--social\">\r\n                                                                    <\/div>\r\n                            <\/div>\r\n                                                <div class=\"item--meta-wrap\">\r\n                            <div class=\"item--meta\">\r\n                            \t<h3 class=\"item--title\">\t\r\n                \t            \tDr DIALLO  F. Aida EP. BANAO                \t\t        <\/h3>\r\n                \t\t        <span class=\"item--position\">Tr\u00e9sori\u00e8re<\/span>\r\n                                                            <\/div>\r\n                        <\/div>\r\n                   <\/div>\r\n                <\/div>\r\n                            <div class=\"grid-item col-xl-4 col-lg-4 col-md-4 col-sm-6 col-12\">\r\n                    <div class=\"item--inner \">\r\n                    \t                            <div class=\"item--image\">\r\n                                <a ><img loading=\"lazy\" decoding=\"async\" width=\"449\" height=\"473\" src=\"https:\/\/ordrepharmacien.bf\/wp-content\/uploads\/2025\/06\/Dr-Judicael-SAWADOGO-Secretaire-a-lorganisation-et-a-la-formation.jpg\" class=\"disable-lazy attachment-full\" alt=\"\" \/><\/a>\r\n                                <div class=\"item--social\">\r\n                                                                    <\/div>\r\n                            <\/div>\r\n                                                <div class=\"item--meta-wrap\">\r\n                            <div class=\"item--meta\">\r\n                            \t<h3 class=\"item--title\">\t\r\n                \t            \tDr SAWADOGO Judica\u00ebl                \t\t        <\/h3>\r\n                \t\t        <span class=\"item--position\">Secr\u00e9taire charg\u00e9 de l\u2019organisation et de la formation continue<\/span>\r\n                                                            <\/div>\r\n                        <\/div>\r\n                   <\/div>\r\n                <\/div>\r\n                            <div class=\"grid-item col-xl-4 col-lg-4 col-md-4 col-sm-6 col-12\">\r\n                    <div class=\"item--inner \">\r\n                    \t                            <div class=\"item--image\">\r\n                                <a ><img loading=\"lazy\" decoding=\"async\" width=\"350\" height=\"450\" src=\"https:\/\/ordrepharmacien.bf\/wp-content\/uploads\/2025\/07\/Dr-Alfred-TONDE-.jpg\" class=\"disable-lazy attachment-full\" alt=\"\" \/><\/a>\r\n                                <div class=\"item--social\">\r\n                                                                    <\/div>\r\n                            <\/div>\r\n                                                <div class=\"item--meta-wrap\">\r\n                            <div class=\"item--meta\">\r\n                            \t<h3 class=\"item--title\">\t\r\n                \t            \tDr TONDE Alfred                \t\t        <\/h3>\r\n                \t\t        <span class=\"item--position\">Secr\u00e9taire charg\u00e9e de l\u2019information et de la communication<\/span>\r\n                                                            <\/div>\r\n                        <\/div>\r\n                   <\/div>\r\n                <\/div>\r\n                            <div class=\"grid-item col-xl-4 col-lg-4 col-md-4 col-sm-6 col-12\">\r\n                    <div class=\"item--inner \">\r\n                    \t                            <div class=\"item--image\">\r\n                                <a ><img loading=\"lazy\" decoding=\"async\" width=\"472\" height=\"591\" src=\"https:\/\/ordrepharmacien.bf\/wp-content\/uploads\/2025\/06\/Dr-Nazaire-ROUAMBA-Secretaire-a-la-reglementation.jpg\" class=\"disable-lazy attachment-full\" alt=\"\" \/><\/a>\r\n                                <div class=\"item--social\">\r\n                                                                    <\/div>\r\n                            <\/div>\r\n                                                <div class=\"item--meta-wrap\">\r\n                            <div class=\"item--meta\">\r\n                            \t<h3 class=\"item--title\">\t\r\n                \t            \tDr Nazaire ROUAMBA                \t\t        <\/h3>\r\n                \t\t        <span class=\"item--position\">Secr\u00e9taire charg\u00e9e de la r\u00e8glementation <\/span>\r\n                                                            <\/div>\r\n                        <\/div>\r\n                   <\/div>\r\n                <\/div>\r\n                        <div class=\"grid-sizer col-xl-4 col-lg-4 col-md-4 col-sm-6 col-12\"><\/div>\r\n        <\/div>\r\n    <\/div>\r\n\t\t\t\t<\/div>\n\t\t\t\t<\/div>\n\t\t            <\/div>\n        <\/div>\n                    <\/div>\n        <\/section>\n                <section class=\"elementor-section elementor-top-section elementor-element elementor-element-129f873 elementor-section-boxed elementor-section-height-default elementor-section-height-default ct-header-fixed-none ct-row-max-none\" data-id=\"129f873\" data-element_type=\"section\">\n            \n                        <div class=\"elementor-container elementor-column-gap-extended \">\n                    <div class=\"elementor-column elementor-col-33 elementor-top-column elementor-element elementor-element-79c28e1\" data-id=\"79c28e1\" data-element_type=\"column\">\n        <div class=\"elementor-widget-wrap elementor-element-populated\">\n                    \n        \t\t<div class=\"elementor-element elementor-element-918c85f line-sub-preset2 elementor-widget__width-initial elementor-widget elementor-widget-ct_heading\" data-id=\"918c85f\" data-element_type=\"widget\" data-widget_type=\"ct_heading.default\">\n\t\t\t\t<div class=\"elementor-widget-container\">\n\t\t\t\t\t<div id=\"ct_heading-918c85f\" class=\"ct-heading h-align- sub-style10 ct-heading-left item-st-default\">\r\n    <div class=\"ct-item--inner\">\r\n        <div class=\"ct-inline-css\" data-css=\"\r\n            \">\r\n        <\/div>\r\n                    <div class=\"item--sub-title style10 -line\">\r\n                                                    <span class=\"sub-dots\"><span><\/span><\/span>\r\n                                                Ressort territorial de la r\u00e9gion ordinale\u00a0de l&#039;ouest                                                                            <\/div>\r\n                <h3 class=\"item--title st-default wow wow fadeInLeft\" data-wow-delay=\"ms\">\r\n                        <span class=\"sp-main\">\r\n                \r\n                \r\n                \r\n                            <\/span>\r\n                    <\/h3>\r\n    <\/div>\r\n<\/div>\t\t\t\t<\/div>\n\t\t\t\t<\/div>\n\t\t        <section class=\"elementor-section elementor-inner-section elementor-element elementor-element-6418a11 elementor-hidden-tablet elementor-hidden-phone elementor-section-boxed elementor-section-height-default elementor-section-height-default ct-header-fixed-none ct-row-max-none\" data-id=\"6418a11\" data-element_type=\"section\">\n            \n                        <div class=\"elementor-container elementor-column-gap-no \">\n                    <div class=\"elementor-column elementor-col-50 elementor-inner-column elementor-element elementor-element-f097a20\" data-id=\"f097a20\" data-element_type=\"column\">\n        <div class=\"elementor-widget-wrap\">\n                    \n                    <\/div>\n        <\/div>\n                <div class=\"elementor-column elementor-col-50 elementor-inner-column elementor-element elementor-element-45a9c5a\" data-id=\"45a9c5a\" data-element_type=\"column\">\n        <div class=\"elementor-widget-wrap elementor-element-populated\">\n                    \n        \t\t<div class=\"elementor-element elementor-element-c466bce elementor-widget elementor-widget-ct_list\" data-id=\"c466bce\" data-element_type=\"widget\" data-widget_type=\"ct_list.default\">\n\t\t\t\t<div class=\"elementor-widget-container\">\n\t\t\t\t\t    <div class=\"ct-list style1 \">\r\n                    <div class=\"ct-list-item \" data-wow-delay=\"ms\">\r\n            \t<div class=\"ct-list-icon\">\r\n                                            <i class=\"fac fac-check-circle\"><\/i>\r\n                                    <\/div>\r\n            \t<div class=\"ct-list-meta\">\r\n\t            \t<div class=\"ct-list-desc\">\r\n\t            \t\tR\u00e9gion des Hauts Bassins\n\t            \t<\/div>\r\n                    \t            <\/div>\r\n           <\/div>\r\n                    <div class=\"ct-list-item \" data-wow-delay=\"ms\">\r\n            \t<div class=\"ct-list-icon\">\r\n                                            <i class=\"fac fac-check-circle\"><\/i>\r\n                                    <\/div>\r\n            \t<div class=\"ct-list-meta\">\r\n\t            \t<div class=\"ct-list-desc\">\r\n\t            \t\tR\u00e9gion des Cascades\t            \t<\/div>\r\n                    \t            <\/div>\r\n           <\/div>\r\n                    <div class=\"ct-list-item \" data-wow-delay=\"ms\">\r\n            \t<div class=\"ct-list-icon\">\r\n                                            <i class=\"fac fac-check-circle\"><\/i>\r\n                                    <\/div>\r\n            \t<div class=\"ct-list-meta\">\r\n\t            \t<div class=\"ct-list-desc\">\r\n\t            \t\tR\u00e9gion du Sud-Ouest\t            \t<\/div>\r\n                    \t            <\/div>\r\n           <\/div>\r\n                    <div class=\"ct-list-item \" data-wow-delay=\"ms\">\r\n            \t<div class=\"ct-list-icon\">\r\n                                            <i class=\"fac fac-check-circle\"><\/i>\r\n                                    <\/div>\r\n            \t<div class=\"ct-list-meta\">\r\n\t            \t<div class=\"ct-list-desc\">\r\n\t            \t\tR\u00e9gion de la Boucle du Mouhoun\t            \t<\/div>\r\n                    \t            <\/div>\r\n           <\/div>\r\n            <\/div>\r\n\t\t\t\t<\/div>\n\t\t\t\t<\/div>\n\t\t            <\/div>\n        <\/div>\n                    <\/div>\n        <\/section>\n                    <\/div>\n        <\/div>\n                <div class=\"elementor-column elementor-col-66 elementor-top-column elementor-element elementor-element-cc03c69\" data-id=\"cc03c69\" data-element_type=\"column\">\n        <div class=\"elementor-widget-wrap elementor-element-populated\">\n                    \n        \t\t<div class=\"elementor-element elementor-element-2bc6a64 elementor-widget elementor-widget-image\" data-id=\"2bc6a64\" data-element_type=\"widget\" data-widget_type=\"image.default\">\n\t\t\t\t<div class=\"elementor-widget-container\">\n\t\t\t\t\t\t\t\t\t\t\t\t\t\t\t<img loading=\"lazy\" decoding=\"async\" width=\"500\" height=\"360\" src=\"https:\/\/ordrepharmacien.bf\/wp-content\/uploads\/2025\/06\/crouest-bobo.png\" class=\"attachment-large size-large wp-image-5441\" alt=\"\" srcset=\"https:\/\/ordrepharmacien.bf\/wp-content\/uploads\/2025\/06\/crouest-bobo.png 500w, https:\/\/ordrepharmacien.bf\/wp-content\/uploads\/2025\/06\/crouest-bobo-300x216.png 300w\" sizes=\"(max-width: 500px) 100vw, 500px\" \/>\t\t\t\t\t\t\t\t\t\t\t\t\t\t\t<\/div>\n\t\t\t\t<\/div>\n\t\t            <\/div>\n        <\/div>\n                    <\/div>\n        <\/section>\n        \t\t<\/div>\n\t\t","protected":false},"excerpt":{"rendered":"<p>Mandat 2024-2027 &#8211; REGION ORDINALE DE L\u2019OUEST Bureau du Conseil R\u00e9gional de Bobo Dioulasso Pr\u00e9sident Dr DJIRE Abdoul Azize Pr\u00e9sident Dr HIEMA Casimir Secr\u00e9taire g\u00e9n\u00e9ral Dr KONFE K. Alimata Secr\u00e9taire g\u00e9n\u00e9ral adjoint Dr DIALLO F. Aida EP. BANAO Tr\u00e9sori\u00e8re Dr SAWADOGO Judica\u00ebl Secr\u00e9taire charg\u00e9 de l\u2019organisation et de la formation continue Dr TONDE Alfred Secr\u00e9taire [&hellip;]<\/p>\n","protected":false},"author":1,"featured_media":0,"parent":0,"menu_order":0,"comment_status":"closed","ping_status":"closed","template":"","meta":{"footnotes":""},"class_list":["post-5440","page","type-page","status-publish","hentry"],"_links":{"self":[{"href":"https:\/\/ordrepharmacien.bf\/index.php\/wp-json\/wp\/v2\/pages\/5440","targetHints":{"allow":["GET"]}}],"collection":[{"href":"https:\/\/ordrepharmacien.bf\/index.php\/wp-json\/wp\/v2\/pages"}],"about":[{"href":"https:\/\/ordrepharmacien.bf\/index.php\/wp-json\/wp\/v2\/types\/page"}],"author":[{"embeddable":true,"href":"https:\/\/ordrepharmacien.bf\/index.php\/wp-json\/wp\/v2\/users\/1"}],"replies":[{"embeddable":true,"href":"https:\/\/ordrepharmacien.bf\/index.php\/wp-json\/wp\/v2\/comments?post=5440"}],"version-history":[{"count":3,"href":"https:\/\/ordrepharmacien.bf\/index.php\/wp-json\/wp\/v2\/pages\/5440\/revisions"}],"predecessor-version":[{"id":6909,"href":"https:\/\/ordrepharmacien.bf\/index.php\/wp-json\/wp\/v2\/pages\/5440\/revisions\/6909"}],"wp:attachment":[{"href":"https:\/\/ordrepharmacien.bf\/index.php\/wp-json\/wp\/v2\/media?parent=5440"}],"curies":[{"name":"wp","href":"https:\/\/api.w.org\/{rel}","templated":true}]}}