{"id":5428,"date":"2025-06-08T23:59:16","date_gmt":"2025-06-08T21:59:16","guid":{"rendered":"https:\/\/ordrepharmacien.bf\/?page_id=5428"},"modified":"2025-07-29T13:57:26","modified_gmt":"2025-07-29T11:57:26","slug":"conseil-regional-ouagadougou","status":"publish","type":"page","link":"https:\/\/ordrepharmacien.bf\/index.php\/conseil-regional-ouagadougou\/","title":{"rendered":"Bureau du Conseil R\u00e9gional de Ouagadougou"},"content":{"rendered":"\t\t<div data-elementor-type=\"wp-page\" data-elementor-id=\"5428\" class=\"elementor elementor-5428\">\n\t\t\t\t        <section class=\"elementor-section elementor-top-section elementor-element elementor-element-ef99560 elementor-section-boxed elementor-section-height-default elementor-section-height-default ct-header-fixed-none ct-row-max-none\" data-id=\"ef99560\" data-element_type=\"section\">\n            \n                        <div class=\"elementor-container elementor-column-gap-extended \">\n                    <div class=\"elementor-column elementor-col-33 elementor-top-column elementor-element elementor-element-8d9285f\" data-id=\"8d9285f\" data-element_type=\"column\">\n        <div class=\"elementor-widget-wrap elementor-element-populated\">\n                    \n        \r\n\t\t<div class=\"elementor-element elementor-element-de82837 line-sub-preset2 elementor-widget__width-initial elementor-widget elementor-widget-ct_heading\" data-id=\"de82837\" data-element_type=\"widget\" data-widget_type=\"ct_heading.default\">\n\t\t\t\t<div class=\"elementor-widget-container\">\n\t\t\t\t\t<div id=\"ct_heading-de82837\" class=\"ct-heading h-align- sub-style10 ct-heading-left item-st-line-left3\">\r\n    <div class=\"ct-item--inner\">\r\n        <div class=\"ct-inline-css\" data-css=\"\r\n            \">\r\n        <\/div>\r\n                    <div class=\"item--sub-title style10 -line\">\r\n                                                    <span class=\"sub-dots\"><span><\/span><\/span>\r\n                                                Mandat 2024-2027 - REGION ORDINALE DU CENTRE                                                                            <\/div>\r\n                <h3 class=\"item--title st-line-left3 wow wow fadeInLeft\" data-wow-delay=\"ms\">\r\n                        <span class=\"sp-main\">\r\n                \r\n                Bureau du Conseil R\u00e9gional de Ouagadougou \r\n                \r\n                                    <i class=\"dot-shape\">\r\n                        <i><\/i>\r\n                        <i><\/i>\r\n                        <i><\/i>\r\n                        <i><\/i>\r\n                        <i><\/i>\r\n                        <i><\/i>\r\n                    <\/i>\r\n                            <\/span>\r\n                    <\/h3>\r\n    <\/div>\r\n<\/div>\t\t\t\t<\/div>\n\t\t\t\t<\/div>\n\t\t        <section class=\"elementor-section elementor-inner-section elementor-element elementor-element-45514e2 elementor-hidden-tablet elementor-hidden-phone elementor-section-boxed elementor-section-height-default elementor-section-height-default ct-header-fixed-none ct-row-max-none\" data-id=\"45514e2\" data-element_type=\"section\">\n            \n                        <div class=\"elementor-container elementor-column-gap-no \">\n                    <div class=\"elementor-column elementor-col-50 elementor-inner-column elementor-element elementor-element-d0ff829\" data-id=\"d0ff829\" data-element_type=\"column\">\n        <div class=\"elementor-widget-wrap elementor-element-populated\">\n                    \n        \t\t<div class=\"elementor-element elementor-element-30b6434 elementor-invisible elementor-widget elementor-widget-spacer\" data-id=\"30b6434\" data-element_type=\"widget\" data-settings=\"{&quot;_animation&quot;:&quot;fadeInUp&quot;}\" data-widget_type=\"spacer.default\">\n\t\t\t\t<div class=\"elementor-widget-container\">\n\t\t\t\t\t\t\t<div class=\"elementor-spacer\">\n\t\t\t<div class=\"elementor-spacer-inner\"><\/div>\n\t\t<\/div>\n\t\t\t\t\t\t<\/div>\n\t\t\t\t<\/div>\n\t\t            <\/div>\n        <\/div>\n                <div class=\"elementor-column elementor-col-50 elementor-inner-column elementor-element elementor-element-295d839\" data-id=\"295d839\" data-element_type=\"column\">\n        <div class=\"elementor-widget-wrap elementor-element-populated\">\n                    \n        \t\t<div class=\"elementor-element elementor-element-7c9f02c elementor-widget__width-initial elementor-widget elementor-widget-ct_logo\" data-id=\"7c9f02c\" data-element_type=\"widget\" data-widget_type=\"ct_logo.default\">\n\t\t\t\t<div class=\"elementor-widget-container\">\n\t\t\t\t\t    <div class=\"ct-logo \">\r\n                    <img decoding=\"async\" width=\"150\" height=\"148\" src=\"https:\/\/ordrepharmacien.bf\/wp-content\/uploads\/2019\/10\/logo.jpg\" class=\"attachment-full\" alt=\"\" \/>            <\/div>\r\n\t\t\t\t<\/div>\n\t\t\t\t<\/div>\n\t\t            <\/div>\n        <\/div>\n                    <\/div>\n        <\/section>\n                    <\/div>\n        <\/div>\n                <div class=\"elementor-column elementor-col-66 elementor-top-column elementor-element elementor-element-39b25ed\" data-id=\"39b25ed\" data-element_type=\"column\">\n        <div class=\"elementor-widget-wrap elementor-element-populated\">\n                    \n        \t\t<div class=\"elementor-element elementor-element-7f33ac7 elementor-widget__width-initial elementor-widget elementor-widget-ct_team_grid\" data-id=\"7f33ac7\" data-element_type=\"widget\" data-widget_type=\"ct_team_grid.default\">\n\t\t\t\t<div class=\"elementor-widget-container\">\n\t\t\t\t\t    <div class=\"ct-grid ct-team-grid ct-team-grid3\">\r\n        <div class=\"ct-grid-inner ct-grid-masonry row animate-time\" data-gutter=\"15\">\r\n                            <div class=\"grid-item col-xl-12 col-lg-12 col-md-12 col-sm-12 col-12\">\r\n                    <div class=\"item--inner wow fadeInUp\">\r\n                                                    <div class=\"item--image\">\r\n                                <div class=\"item--desc\">Pr\u00e9sident<\/div>\r\n                                <img fetchpriority=\"high\" decoding=\"async\" class=\"disable-lazy \" src=\"https:\/\/ordrepharmacien.bf\/wp-content\/uploads\/2025\/07\/DSC_0748-360x360.jpg\" width=\"360\" height=\"360\" alt=\"DSC_0748\" title=\"DSC_0748\" \/>                                <a href=\"#\"><\/a>\r\n                            <\/div>\r\n                                                <h3 class=\"item--title\">    \r\n                            Dr KAFANDO Emery Issouf Patrick                        <\/h3>\r\n                        <div class=\"item--holder\">\r\n                            <div class=\"item--social\">\r\n                                                                        <a href=\"#\" target=\"_blank\"><i class=\"\"><\/i><\/a>\r\n                                                                            <a href=\"#\" target=\"_blank\"><i class=\"\"><\/i><\/a>\r\n                                                                            <a href=\"#\" target=\"_blank\"><i class=\"\"><\/i><\/a>\r\n                                                                            <a href=\"#\" target=\"_blank\"><i class=\"\"><\/i><\/a>\r\n                                                                <\/div>\r\n                            <div class=\"item--position\">Pr\u00e9sident<\/div>\r\n                        <\/div>\r\n                   <\/div>\r\n                <\/div>\r\n                        <div class=\"grid-sizer col-xl-12 col-lg-12 col-md-12 col-sm-12 col-12\"><\/div>\r\n        <\/div>\r\n    <\/div>\r\n\t\t\t\t<\/div>\n\t\t\t\t<\/div>\n\t\t            <\/div>\n        <\/div>\n                    <\/div>\n        <\/section>\n                <section class=\"elementor-section elementor-top-section elementor-element elementor-element-6fc0dce elementor-section-boxed elementor-section-height-default elementor-section-height-default ct-header-fixed-none ct-row-max-none\" data-id=\"6fc0dce\" data-element_type=\"section\" data-settings=\"{&quot;background_background&quot;:&quot;classic&quot;}\">\n            \n                        <div class=\"elementor-container elementor-column-gap-extended \">\n                    <div class=\"elementor-column elementor-col-100 elementor-top-column elementor-element elementor-element-4cb840d\" data-id=\"4cb840d\" data-element_type=\"column\">\n        <div class=\"elementor-widget-wrap elementor-element-populated\">\n                    \n        \t\t<div class=\"elementor-element elementor-element-aa40011 elementor-widget elementor-widget-ct_team_grid\" data-id=\"aa40011\" data-element_type=\"widget\" data-widget_type=\"ct_team_grid.default\">\n\t\t\t\t<div class=\"elementor-widget-container\">\n\t\t\t\t\t    <div class=\"ct-grid ct-team-grid ct-team-grid1 style1\">\r\n        <div class=\"ct-grid-inner ct-grid-masonry row animate-time\" data-gutter=\"7\">\r\n                            <div class=\"grid-item col-xl-4 col-lg-4 col-md-4 col-sm-6 col-12\">\r\n                    <div class=\"item--inner \">\r\n                    \t                            <div class=\"item--image\">\r\n                                <a ><img decoding=\"async\" width=\"353\" height=\"400\" src=\"https:\/\/ordrepharmacien.bf\/wp-content\/uploads\/2025\/07\/Kabore_jean.jpg\" class=\"disable-lazy attachment-full\" alt=\"\" \/><\/a>\r\n                                <div class=\"item--social\">\r\n                                                                    <\/div>\r\n                            <\/div>\r\n                                                <div class=\"item--meta-wrap\">\r\n                            <div class=\"item--meta\">\r\n                            \t<h3 class=\"item--title\">\t\r\n                \t            \tDr KABORE Jean                \t\t        <\/h3>\r\n                \t\t        <span class=\"item--position\">Secr\u00e9taire g\u00e9n\u00e9ral<\/span>\r\n                                                            <\/div>\r\n                        <\/div>\r\n                   <\/div>\r\n                <\/div>\r\n                            <div class=\"grid-item col-xl-4 col-lg-4 col-md-4 col-sm-6 col-12\">\r\n                    <div class=\"item--inner \">\r\n                    \t                            <div class=\"item--image\">\r\n                                <a ><img loading=\"lazy\" decoding=\"async\" width=\"300\" height=\"400\" src=\"https:\/\/ordrepharmacien.bf\/wp-content\/uploads\/2025\/07\/ZONGO.jpg\" class=\"disable-lazy attachment-full\" alt=\"\" \/><\/a>\r\n                                <div class=\"item--social\">\r\n                                                                    <\/div>\r\n                            <\/div>\r\n                                                <div class=\"item--meta-wrap\">\r\n                            <div class=\"item--meta\">\r\n                            \t<h3 class=\"item--title\">\t\r\n                \t            \tDr ZONGO Lassan\u00e9                \t\t        <\/h3>\r\n                \t\t        <span class=\"item--position\">Secr\u00e9taire g\u00e9n\u00e9ral adjoint<\/span>\r\n                                                            <\/div>\r\n                        <\/div>\r\n                   <\/div>\r\n                <\/div>\r\n                            <div class=\"grid-item col-xl-4 col-lg-4 col-md-4 col-sm-6 col-12\">\r\n                    <div class=\"item--inner \">\r\n                    \t                            <div class=\"item--image\">\r\n                                <a ><img loading=\"lazy\" decoding=\"async\" width=\"311\" height=\"400\" src=\"https:\/\/ordrepharmacien.bf\/wp-content\/uploads\/2025\/07\/Coulbaly-1.jpg\" class=\"disable-lazy attachment-full\" alt=\"\" \/><\/a>\r\n                                <div class=\"item--social\">\r\n                                                                    <\/div>\r\n                            <\/div>\r\n                                                <div class=\"item--meta-wrap\">\r\n                            <div class=\"item--meta\">\r\n                            \t<h3 class=\"item--title\">\t\r\n                \t            \tDr KANYALA Edwige EP. TRAORE                \t\t        <\/h3>\r\n                \t\t        <span class=\"item--position\">Tr\u00e9sori\u00e8re<\/span>\r\n                                                            <\/div>\r\n                        <\/div>\r\n                   <\/div>\r\n                <\/div>\r\n                            <div class=\"grid-item col-xl-4 col-lg-4 col-md-4 col-sm-6 col-12\">\r\n                    <div class=\"item--inner \">\r\n                    \t                            <div class=\"item--image\">\r\n                                <a ><\/a>\r\n                                <div class=\"item--social\">\r\n                                                                    <\/div>\r\n                            <\/div>\r\n                                                <div class=\"item--meta-wrap\">\r\n                            <div class=\"item--meta\">\r\n                            \t<h3 class=\"item--title\">\t\r\n                \t            \tDr KAFANDO Zacharie                \t\t        <\/h3>\r\n                \t\t        <span class=\"item--position\">Secr\u00e9taire charg\u00e9 de l\u2019organisation et de la formation continue<\/span>\r\n                                                            <\/div>\r\n                        <\/div>\r\n                   <\/div>\r\n                <\/div>\r\n                            <div class=\"grid-item col-xl-4 col-lg-4 col-md-4 col-sm-6 col-12\">\r\n                    <div class=\"item--inner \">\r\n                    \t                            <div class=\"item--image\">\r\n                                <a ><img loading=\"lazy\" decoding=\"async\" width=\"400\" height=\"400\" src=\"https:\/\/ordrepharmacien.bf\/wp-content\/uploads\/2025\/07\/Zongo_Firmin-1.jpg\" class=\"disable-lazy attachment-full\" alt=\"\" \/><\/a>\r\n                                <div class=\"item--social\">\r\n                                                                    <\/div>\r\n                            <\/div>\r\n                                                <div class=\"item--meta-wrap\">\r\n                            <div class=\"item--meta\">\r\n                            \t<h3 class=\"item--title\">\t\r\n                \t            \tDr ZONGO Firmin                \t\t        <\/h3>\r\n                \t\t        <span class=\"item--position\">Secr\u00e9taire charg\u00e9e de l\u2019information et de la communication<\/span>\r\n                                                            <\/div>\r\n                        <\/div>\r\n                   <\/div>\r\n                <\/div>\r\n                            <div class=\"grid-item col-xl-4 col-lg-4 col-md-4 col-sm-6 col-12\">\r\n                    <div class=\"item--inner \">\r\n                    \t                            <div class=\"item--image\">\r\n                                <a ><img loading=\"lazy\" decoding=\"async\" width=\"302\" height=\"400\" src=\"https:\/\/ordrepharmacien.bf\/wp-content\/uploads\/2025\/07\/Kanyala_edwige.jpg\" class=\"disable-lazy attachment-full\" alt=\"\" \/><\/a>\r\n                                <div class=\"item--social\">\r\n                                                                    <\/div>\r\n                            <\/div>\r\n                                                <div class=\"item--meta-wrap\">\r\n                            <div class=\"item--meta\">\r\n                            \t<h3 class=\"item--title\">\t\r\n                \t            \tDr COULIBALY Natacha Sylvie                \t\t        <\/h3>\r\n                \t\t        <span class=\"item--position\">Secr\u00e9taire charg\u00e9e de la r\u00e8glementation <\/span>\r\n                                                            <\/div>\r\n                        <\/div>\r\n                   <\/div>\r\n                <\/div>\r\n                        <div class=\"grid-sizer col-xl-4 col-lg-4 col-md-4 col-sm-6 col-12\"><\/div>\r\n        <\/div>\r\n    <\/div>\r\n\t\t\t\t<\/div>\n\t\t\t\t<\/div>\n\t\t            <\/div>\n        <\/div>\n                    <\/div>\n        <\/section>\n                <section class=\"elementor-section elementor-top-section elementor-element elementor-element-8b5ef15 elementor-section-boxed elementor-section-height-default elementor-section-height-default ct-header-fixed-none ct-row-max-none\" data-id=\"8b5ef15\" data-element_type=\"section\">\n            \n                        <div class=\"elementor-container elementor-column-gap-extended \">\n                    <div class=\"elementor-column elementor-col-33 elementor-top-column elementor-element elementor-element-2e003c7\" data-id=\"2e003c7\" data-element_type=\"column\">\n        <div class=\"elementor-widget-wrap elementor-element-populated\">\n                    \n        \t\t<div class=\"elementor-element elementor-element-9d1d3e7 line-sub-preset2 elementor-widget__width-initial elementor-widget elementor-widget-ct_heading\" data-id=\"9d1d3e7\" data-element_type=\"widget\" data-widget_type=\"ct_heading.default\">\n\t\t\t\t<div class=\"elementor-widget-container\">\n\t\t\t\t\t<div id=\"ct_heading-9d1d3e7\" class=\"ct-heading h-align- sub-style10 ct-heading-left item-st-default\">\r\n    <div class=\"ct-item--inner\">\r\n        <div class=\"ct-inline-css\" data-css=\"\r\n            \">\r\n        <\/div>\r\n                    <div class=\"item--sub-title style10 -line\">\r\n                                                    <span class=\"sub-dots\"><span><\/span><\/span>\r\n                                                Ressort territorial de la r\u00e9gion ordinale\u00a0du\u00a0centre                                                                            <\/div>\r\n                <h3 class=\"item--title st-default wow wow fadeInLeft\" data-wow-delay=\"ms\">\r\n                        <span class=\"sp-main\">\r\n                \r\n                \r\n                \r\n                            <\/span>\r\n                    <\/h3>\r\n    <\/div>\r\n<\/div>\t\t\t\t<\/div>\n\t\t\t\t<\/div>\n\t\t        <section class=\"elementor-section elementor-inner-section elementor-element elementor-element-ce249af elementor-hidden-tablet elementor-hidden-phone elementor-section-boxed elementor-section-height-default elementor-section-height-default ct-header-fixed-none ct-row-max-none\" data-id=\"ce249af\" data-element_type=\"section\">\n            \n                        <div class=\"elementor-container elementor-column-gap-no \">\n                    <div class=\"elementor-column elementor-col-50 elementor-inner-column elementor-element elementor-element-a44951d\" data-id=\"a44951d\" data-element_type=\"column\">\n        <div class=\"elementor-widget-wrap\">\n                    \n                    <\/div>\n        <\/div>\n                <div class=\"elementor-column elementor-col-50 elementor-inner-column elementor-element elementor-element-94e44b4\" data-id=\"94e44b4\" data-element_type=\"column\">\n        <div class=\"elementor-widget-wrap elementor-element-populated\">\n                    \n        \t\t<div class=\"elementor-element elementor-element-0fa7f40 elementor-widget elementor-widget-ct_list\" data-id=\"0fa7f40\" data-element_type=\"widget\" data-widget_type=\"ct_list.default\">\n\t\t\t\t<div class=\"elementor-widget-container\">\n\t\t\t\t\t    <div class=\"ct-list style1 \">\r\n                    <div class=\"ct-list-item \" data-wow-delay=\"ms\">\r\n            \t<div class=\"ct-list-icon\">\r\n                                            <i class=\"fac fac-check-circle\"><\/i>\r\n                                    <\/div>\r\n            \t<div class=\"ct-list-meta\">\r\n\t            \t<div class=\"ct-list-desc\">\r\n\t            \t\tR\u00e9gion du Centre \n\t            \t<\/div>\r\n                    \t            <\/div>\r\n           <\/div>\r\n                    <div class=\"ct-list-item \" data-wow-delay=\"ms\">\r\n            \t<div class=\"ct-list-icon\">\r\n                                            <i class=\"fac fac-check-circle\"><\/i>\r\n                                    <\/div>\r\n            \t<div class=\"ct-list-meta\">\r\n\t            \t<div class=\"ct-list-desc\">\r\n\t            \t\tR\u00e9gion  du Centre-Ouest\t            \t<\/div>\r\n                    \t            <\/div>\r\n           <\/div>\r\n                    <div class=\"ct-list-item \" data-wow-delay=\"ms\">\r\n            \t<div class=\"ct-list-icon\">\r\n                                            <i class=\"fac fac-check-circle\"><\/i>\r\n                                    <\/div>\r\n            \t<div class=\"ct-list-meta\">\r\n\t            \t<div class=\"ct-list-desc\">\r\n\t            \t\tR\u00e9gion du Nord\t            \t<\/div>\r\n                    \t            <\/div>\r\n           <\/div>\r\n                    <div class=\"ct-list-item \" data-wow-delay=\"ms\">\r\n            \t<div class=\"ct-list-icon\">\r\n                                            <i class=\"fac fac-check-circle\"><\/i>\r\n                                    <\/div>\r\n            \t<div class=\"ct-list-meta\">\r\n\t            \t<div class=\"ct-list-desc\">\r\n\t            \t\tR\u00e9gion du Plateau-Central\t            \t<\/div>\r\n                    \t            <\/div>\r\n           <\/div>\r\n                    <div class=\"ct-list-item \" data-wow-delay=\"ms\">\r\n            \t<div class=\"ct-list-icon\">\r\n                                            <i class=\"fac fac-check-circle\"><\/i>\r\n                                    <\/div>\r\n            \t<div class=\"ct-list-meta\">\r\n\t            \t<div class=\"ct-list-desc\">\r\n\t            \t\tR\u00e9gion du Centre-Sud \t            \t<\/div>\r\n                    \t            <\/div>\r\n           <\/div>\r\n            <\/div>\r\n\t\t\t\t<\/div>\n\t\t\t\t<\/div>\n\t\t            <\/div>\n        <\/div>\n                    <\/div>\n        <\/section>\n                    <\/div>\n        <\/div>\n                <div class=\"elementor-column elementor-col-66 elementor-top-column elementor-element elementor-element-2dd7463\" data-id=\"2dd7463\" data-element_type=\"column\">\n        <div class=\"elementor-widget-wrap elementor-element-populated\">\n                    \n        \t\t<div class=\"elementor-element elementor-element-3a539d7 elementor-widget elementor-widget-image\" data-id=\"3a539d7\" data-element_type=\"widget\" data-widget_type=\"image.default\">\n\t\t\t\t<div class=\"elementor-widget-container\">\n\t\t\t\t\t\t\t\t\t\t\t\t\t\t\t<img loading=\"lazy\" decoding=\"async\" width=\"500\" height=\"360\" src=\"https:\/\/ordrepharmacien.bf\/wp-content\/uploads\/2025\/06\/crcentre-ouaga.png\" class=\"attachment-large size-large wp-image-5430\" alt=\"\" srcset=\"https:\/\/ordrepharmacien.bf\/wp-content\/uploads\/2025\/06\/crcentre-ouaga.png 500w, https:\/\/ordrepharmacien.bf\/wp-content\/uploads\/2025\/06\/crcentre-ouaga-300x216.png 300w\" sizes=\"(max-width: 500px) 100vw, 500px\" \/>\t\t\t\t\t\t\t\t\t\t\t\t\t\t\t<\/div>\n\t\t\t\t<\/div>\n\t\t            <\/div>\n        <\/div>\n                    <\/div>\n        <\/section>\n        \t\t<\/div>\n\t\t","protected":false},"excerpt":{"rendered":"<p>Mandat 2024-2027 &#8211; REGION ORDINALE DU CENTRE Bureau du Conseil R\u00e9gional de Ouagadougou Pr\u00e9sident Dr KAFANDO Emery Issouf Patrick Pr\u00e9sident Dr KABORE Jean Secr\u00e9taire g\u00e9n\u00e9ral Dr ZONGO Lassan\u00e9 Secr\u00e9taire g\u00e9n\u00e9ral adjoint Dr KANYALA Edwige EP. TRAORE Tr\u00e9sori\u00e8re Dr KAFANDO Zacharie Secr\u00e9taire charg\u00e9 de l\u2019organisation et de la formation continue Dr ZONGO Firmin Secr\u00e9taire charg\u00e9e de [&hellip;]<\/p>\n","protected":false},"author":1,"featured_media":0,"parent":0,"menu_order":0,"comment_status":"closed","ping_status":"closed","template":"","meta":{"footnotes":""},"class_list":["post-5428","page","type-page","status-publish","hentry"],"_links":{"self":[{"href":"https:\/\/ordrepharmacien.bf\/index.php\/wp-json\/wp\/v2\/pages\/5428","targetHints":{"allow":["GET"]}}],"collection":[{"href":"https:\/\/ordrepharmacien.bf\/index.php\/wp-json\/wp\/v2\/pages"}],"about":[{"href":"https:\/\/ordrepharmacien.bf\/index.php\/wp-json\/wp\/v2\/types\/page"}],"author":[{"embeddable":true,"href":"https:\/\/ordrepharmacien.bf\/index.php\/wp-json\/wp\/v2\/users\/1"}],"replies":[{"embeddable":true,"href":"https:\/\/ordrepharmacien.bf\/index.php\/wp-json\/wp\/v2\/comments?post=5428"}],"version-history":[{"count":60,"href":"https:\/\/ordrepharmacien.bf\/index.php\/wp-json\/wp\/v2\/pages\/5428\/revisions"}],"predecessor-version":[{"id":6954,"href":"https:\/\/ordrepharmacien.bf\/index.php\/wp-json\/wp\/v2\/pages\/5428\/revisions\/6954"}],"wp:attachment":[{"href":"https:\/\/ordrepharmacien.bf\/index.php\/wp-json\/wp\/v2\/media?parent=5428"}],"curies":[{"name":"wp","href":"https:\/\/api.w.org\/{rel}","templated":true}]}}