{"id":5363,"date":"2025-06-08T03:16:15","date_gmt":"2025-06-08T01:16:15","guid":{"rendered":"https:\/\/ordrepharmacien.bf\/?page_id=5363"},"modified":"2025-06-30T18:37:43","modified_gmt":"2025-06-30T16:37:43","slug":"les-conseils-regionaux","status":"publish","type":"page","link":"https:\/\/ordrepharmacien.bf\/index.php\/les-conseils-regionaux\/","title":{"rendered":"Les conseils r\u00e9gionaux"},"content":{"rendered":"\t\t<div data-elementor-type=\"wp-page\" data-elementor-id=\"5363\" class=\"elementor elementor-5363\">\n\t\t\t\t        <section class=\"elementor-section elementor-top-section elementor-element elementor-element-7fff8d3 elementor-section-boxed elementor-section-height-default elementor-section-height-default ct-header-fixed-none ct-row-max-none\" data-id=\"7fff8d3\" data-element_type=\"section\">\n            \n                        <div class=\"elementor-container elementor-column-gap-extended \">\n                    <div class=\"elementor-column elementor-col-33 elementor-top-column elementor-element elementor-element-2173d1d\" data-id=\"2173d1d\" data-element_type=\"column\">\n        <div class=\"elementor-widget-wrap elementor-element-populated\">\n                    \n        \r\n\t\t<div class=\"elementor-element elementor-element-4d7a922 elementor-widget elementor-widget-ct_navigation_menu\" data-id=\"4d7a922\" data-element_type=\"widget\" data-widget_type=\"ct_navigation_menu.default\">\n\t\t\t\t<div class=\"elementor-widget-container\">\n\t\t\t\t\t    <div id=\"ct_navigation_menu-4d7a922\" class=\"ct-navigation-menu1 style-modern\">\r\n        <div class=\"menu-menu-ordre-container\"><ul id=\"menu-menu-ordre\" class=\"menu\"><li id=\"menu-item-5376\" class=\"menu-item menu-item-type-post_type menu-item-object-page menu-item-5376\"><a href=\"https:\/\/ordrepharmacien.bf\/index.php\/presentationxx\/\">Pr\u00e9sentation<\/a><\/li>\n<li id=\"menu-item-5388\" class=\"menu-item menu-item-type-post_type menu-item-object-page menu-item-5388\"><a href=\"https:\/\/ordrepharmacien.bf\/index.php\/historique\/\">Historique<\/a><\/li>\n<li id=\"menu-item-5387\" class=\"menu-item menu-item-type-post_type menu-item-object-page menu-item-5387\"><a href=\"https:\/\/ordrepharmacien.bf\/index.php\/le-conseil-national\/\">Le Conseil national<\/a><\/li>\n<li id=\"menu-item-5386\" class=\"menu-item menu-item-type-post_type menu-item-object-page menu-item-5386\"><a href=\"https:\/\/ordrepharmacien.bf\/index.php\/les-conseils-regionaux\/\">Les conseils r\u00e9gionaux<\/a><\/li>\n<\/ul><\/div>    <\/div>\r\n\t\t\t\t<\/div>\n\t\t\t\t<\/div>\n\t\t\t\t<div class=\"elementor-element elementor-element-68ddd60 elementor-widget elementor-widget-spacer\" data-id=\"68ddd60\" data-element_type=\"widget\" data-widget_type=\"spacer.default\">\n\t\t\t\t<div class=\"elementor-widget-container\">\n\t\t\t\t\t\t\t<div class=\"elementor-spacer\">\n\t\t\t<div class=\"elementor-spacer-inner\"><\/div>\n\t\t<\/div>\n\t\t\t\t\t\t<\/div>\n\t\t\t\t<\/div>\n\t\t\t\t<div class=\"elementor-element elementor-element-59429cb elementor-widget elementor-widget-spacer\" data-id=\"59429cb\" data-element_type=\"widget\" data-widget_type=\"spacer.default\">\n\t\t\t\t<div class=\"elementor-widget-container\">\n\t\t\t\t\t\t\t<div class=\"elementor-spacer\">\n\t\t\t<div class=\"elementor-spacer-inner\"><\/div>\n\t\t<\/div>\n\t\t\t\t\t\t<\/div>\n\t\t\t\t<\/div>\n\t\t\t\t<div class=\"elementor-element elementor-element-5f170fe elementor-widget elementor-widget-spacer\" data-id=\"5f170fe\" data-element_type=\"widget\" data-widget_type=\"spacer.default\">\n\t\t\t\t<div class=\"elementor-widget-container\">\n\t\t\t\t\t\t\t<div class=\"elementor-spacer\">\n\t\t\t<div class=\"elementor-spacer-inner\"><\/div>\n\t\t<\/div>\n\t\t\t\t\t\t<\/div>\n\t\t\t\t<\/div>\n\t\t            <\/div>\n        <\/div>\n                <div class=\"elementor-column elementor-col-66 elementor-top-column elementor-element elementor-element-0a79cb5\" data-id=\"0a79cb5\" data-element_type=\"column\">\n        <div class=\"elementor-widget-wrap elementor-element-populated\">\n                    \n        \t\t<div class=\"elementor-element elementor-element-2ffe40b elementor-widget elementor-widget-ct_heading\" data-id=\"2ffe40b\" data-element_type=\"widget\" data-widget_type=\"ct_heading.default\">\n\t\t\t\t<div class=\"elementor-widget-container\">\n\t\t\t\t\t<div id=\"ct_heading-2ffe40b\" class=\"ct-heading h-align- sub-style9 ct-heading-left item-st-default\">\r\n    <div class=\"ct-item--inner\">\r\n        <div class=\"ct-inline-css\" data-css=\"\r\n            \">\r\n        <\/div>\r\n                    <div class=\"item--sub-title style9 show-line\">\r\n                                                                Le Conseil R\u00e9gional de l\u2019Ordre                                                                    <span class=\"line-left\"><\/span>\r\n                    <span class=\"line-right\"><\/span>\r\n                                            <\/div>\r\n                <h3 class=\"item--title st-default wow wow fadeInUp\" data-wow-delay=\"ms\">\r\n                        <span class=\"sp-main\">\r\n                \r\n                \r\n                \r\n                            <\/span>\r\n                    <\/h3>\r\n    <\/div>\r\n<\/div>\t\t\t\t<\/div>\n\t\t\t\t<\/div>\n\t\t\t\t<div class=\"elementor-element elementor-element-f3b2afa elementor-widget elementor-widget-text-editor\" data-id=\"f3b2afa\" data-element_type=\"widget\" data-widget_type=\"text-editor.default\">\n\t\t\t\t<div class=\"elementor-widget-container\">\n\t\t\t\t\t\t\t\t\t<p>Le Conseil R\u00e9gional de l\u2019Ordre\u00a0 est charg\u00e9 :\u00a0<\/p>\t\t\t\t\t\t\t\t<\/div>\n\t\t\t\t<\/div>\n\t\t\t\t<div class=\"elementor-element elementor-element-c862682 elementor-widget elementor-widget-ct_list\" data-id=\"c862682\" data-element_type=\"widget\" data-widget_type=\"ct_list.default\">\n\t\t\t\t<div class=\"elementor-widget-container\">\n\t\t\t\t\t    <div class=\"ct-list style1 \">\r\n                    <div class=\"ct-list-item \" data-wow-delay=\"ms\">\r\n            \t<div class=\"ct-list-icon\">\r\n                                            <i class=\"fac fac-check-circle\"><\/i>\r\n                                    <\/div>\r\n            \t<div class=\"ct-list-meta\">\r\n\t            \t<div class=\"ct-list-desc\">\r\n\t            \t\tde veiller \u00e0 l\u2019exercice des attributions g\u00e9n\u00e9rales de l\u2019Ordre National des Pharmaciens dans la r\u00e9gion ordinaire\t            \t<\/div>\r\n                    \t            <\/div>\r\n           <\/div>\r\n                    <div class=\"ct-list-item \" data-wow-delay=\"ms\">\r\n            \t<div class=\"ct-list-icon\">\r\n                                            <i class=\"fac fac-check-circle\"><\/i>\r\n                                    <\/div>\r\n            \t<div class=\"ct-list-meta\">\r\n\t            \t<div class=\"ct-list-desc\">\r\n\t            \t\td\u2019organiser les tableaux de gardes des officines pharmaceutiques \t            \t<\/div>\r\n                    \t            <\/div>\r\n           <\/div>\r\n                    <div class=\"ct-list-item \" data-wow-delay=\"ms\">\r\n            \t<div class=\"ct-list-icon\">\r\n                                            <i class=\"fac fac-check-circle\"><\/i>\r\n                                    <\/div>\r\n            \t<div class=\"ct-list-meta\">\r\n\t            \t<div class=\"ct-list-desc\">\r\n\t            \t\tde statuer sur les inscriptions au tableau de l\u2019Ordre\t            \t<\/div>\r\n                    \t            <\/div>\r\n           <\/div>\r\n                    <div class=\"ct-list-item \" data-wow-delay=\"ms\">\r\n            \t<div class=\"ct-list-icon\">\r\n                                            <i class=\"fac fac-check-circle\"><\/i>\r\n                                    <\/div>\r\n            \t<div class=\"ct-list-meta\">\r\n\t            \t<div class=\"ct-list-desc\">\r\n\t            \t\td\u2019autoriser le Pr\u00e9sident du conseil r\u00e9gional \u00e0 ester en justices au nom de l\u2019Ordre \t            \t<\/div>\r\n                    \t            <\/div>\r\n           <\/div>\r\n                    <div class=\"ct-list-item \" data-wow-delay=\"ms\">\r\n            \t<div class=\"ct-list-icon\">\r\n                                            <i class=\"fac fac-check-circle\"><\/i>\r\n                                    <\/div>\r\n            \t<div class=\"ct-list-meta\">\r\n\t            \t<div class=\"ct-list-desc\">\r\n\t            \t\td\u2019arbitrer de sa propre initiative ou \u00e0 la demande de l\u2019une ou des parties, les litiges entre confr\u00e8res ou entre ceux-ci et les tiers\t            \t<\/div>\r\n                    \t            <\/div>\r\n           <\/div>\r\n                    <div class=\"ct-list-item \" data-wow-delay=\"ms\">\r\n            \t<div class=\"ct-list-icon\">\r\n                                            <i class=\"fac fac-check-circle\"><\/i>\r\n                                    <\/div>\r\n            \t<div class=\"ct-list-meta\">\r\n\t            \t<div class=\"ct-list-desc\">\r\n\t            \t\tde saisir les autorit\u00e9s comp\u00e9tentes des cas ou actes d\u2019exercice ill\u00e9gal de la profession dont il a connaissance\t            \t<\/div>\r\n                    \t            <\/div>\r\n           <\/div>\r\n                    <div class=\"ct-list-item \" data-wow-delay=\"ms\">\r\n            \t<div class=\"ct-list-icon\">\r\n                                            <i class=\"fac fac-check-circle\"><\/i>\r\n                                    <\/div>\r\n            \t<div class=\"ct-list-meta\">\r\n\t            \t<div class=\"ct-list-desc\">\r\n\t            \t\tde r\u00e9pondre \u00e0 toute demande d\u2019avis des cours et tribunaux relatifs \u00e0 des questions d\u2019ethniques ou de d\u00e9ontologie\t            \t<\/div>\r\n                    \t            <\/div>\r\n           <\/div>\r\n                    <div class=\"ct-list-item \" data-wow-delay=\"ms\">\r\n            \t<div class=\"ct-list-icon\">\r\n                                            <i class=\"fac fac-check-circle\"><\/i>\r\n                                    <\/div>\r\n            \t<div class=\"ct-list-meta\">\r\n\t            \t<div class=\"ct-list-desc\">\r\n\t            \t\tde donner aux membres de l\u2019Ordre de sa propre initiative ou \u00e0 leur demande des avis sur des questions de d\u00e9ontologie\t            \t<\/div>\r\n                    \t            <\/div>\r\n           <\/div>\r\n                    <div class=\"ct-list-item \" data-wow-delay=\"ms\">\r\n            \t<div class=\"ct-list-icon\">\r\n                                            <i class=\"fac fac-check-circle\"><\/i>\r\n                                    <\/div>\r\n            \t<div class=\"ct-list-meta\">\r\n\t            \t<div class=\"ct-list-desc\">\r\n\t            \t\tde rendre compte \u00e0 ses instances de l\u2019\u00e9volution des probl\u00e8mes en suspens ou r\u00e9solu par le conseil r\u00e9gional ou par les instances sup\u00e9rieures et dont il a connaissance\t            \t<\/div>\r\n                    \t            <\/div>\r\n           <\/div>\r\n                    <div class=\"ct-list-item \" data-wow-delay=\"ms\">\r\n            \t<div class=\"ct-list-icon\">\r\n                                            <i class=\"fac fac-check-circle\"><\/i>\r\n                                    <\/div>\r\n            \t<div class=\"ct-list-meta\">\r\n\t            \t<div class=\"ct-list-desc\">\r\n\t            \t\td\u2019\u00e9tablir annuellement des rapports d\u2019activit\u00e9s \u00e0 l\u2019attention du conseil national\t            \t<\/div>\r\n                    \t            <\/div>\r\n           <\/div>\r\n                    <div class=\"ct-list-item \" data-wow-delay=\"ms\">\r\n            \t<div class=\"ct-list-icon\">\r\n                                            <i class=\"fac fac-check-circle\"><\/i>\r\n                                    <\/div>\r\n            \t<div class=\"ct-list-meta\">\r\n\t            \t<div class=\"ct-list-desc\">\r\n\t            \t\tde toutes autres attributions pr\u00e9vues par le r\u00e8glement\t            \t<\/div>\r\n                    \t            <\/div>\r\n           <\/div>\r\n            <\/div>\r\n\t\t\t\t<\/div>\n\t\t\t\t<\/div>\n\t\t\t\t<div class=\"elementor-element elementor-element-8ed15f6 elementor-widget elementor-widget-text-editor\" data-id=\"8ed15f6\" data-element_type=\"widget\" data-widget_type=\"text-editor.default\">\n\t\t\t\t<div class=\"elementor-widget-container\">\n\t\t\t\t\t\t\t\t\t<p>Le si\u00e8ge du conseil en tout autre lieu de la r\u00e9gion ordinale, par d\u00e9cision du conseil national et sur proposition du bureau du conseil r\u00e9gional concern\u00e9.<\/p><p>Les fonctions de membre du conseil national et du conseil r\u00e9gional ne sont pas cumulables avec les fonctions de membres de bureaux des organisations syndicales ou de partis politiques.<\/p>\t\t\t\t\t\t\t\t<\/div>\n\t\t\t\t<\/div>\n\t\t            <\/div>\n        <\/div>\n                    <\/div>\n        <\/section>\n                <section class=\"elementor-section elementor-top-section elementor-element elementor-element-ec28f19 elementor-section-boxed elementor-section-height-default elementor-section-height-default ct-header-fixed-none ct-row-max-none\" data-id=\"ec28f19\" data-element_type=\"section\">\n            \n                        <div class=\"elementor-container elementor-column-gap-extended \">\n                    <div class=\"elementor-column elementor-col-100 elementor-top-column elementor-element elementor-element-7f0eaa7\" data-id=\"7f0eaa7\" data-element_type=\"column\">\n        <div class=\"elementor-widget-wrap elementor-element-populated\">\n                    \n        \t\t<div class=\"elementor-element elementor-element-d7cd188 elementor-widget elementor-widget-ct_cta\" data-id=\"d7cd188\" data-element_type=\"widget\" data-widget_type=\"ct_cta.default\">\n\t\t\t\t<div class=\"elementor-widget-container\">\n\t\t\t\t\t<div class=\"ct-cta1 \">\r\n            <div class=\"item--holder\">\r\n            <span class=\"item--title\">Composition des bureaux de l&#039;ONPBF<\/span>\r\n            <span class=\"item--desc\">La fiche complete\u2026<\/span>\r\n        <\/div>\r\n                <div class=\"item--button\">\r\n            <a class=\"btn btn-white\" href=\"https:\/\/ordrepharmacien.bf\/wp-content\/uploads\/2025\/06\/POSTERS-MEMBRES-DES-BUREAUX-DES-ONPBF-1.pdf\" target=\"_blank\">\r\n                                    <i aria-hidden=\"true\" class=\"fas fa-cloud-download-alt\"><\/i>                                T\u00e9l\u00e9charger            <\/a>\r\n        <\/div>\r\n    <\/div>\r\n\t\t\t\t<\/div>\n\t\t\t\t<\/div>\n\t\t            <\/div>\n        <\/div>\n                    <\/div>\n        <\/section>\n        \t\t<\/div>\n\t\t","protected":false},"excerpt":{"rendered":"<p>Pr\u00e9sentation Historique Le Conseil national Les conseils r\u00e9gionaux Le Conseil R\u00e9gional de l\u2019Ordre Le Conseil R\u00e9gional de l\u2019Ordre\u00a0 est charg\u00e9 :\u00a0 de veiller \u00e0 l\u2019exercice des attributions g\u00e9n\u00e9rales de l\u2019Ordre National des Pharmaciens dans la r\u00e9gion ordinaire d\u2019organiser les tableaux de gardes des officines pharmaceutiques de statuer sur les inscriptions au tableau de l\u2019Ordre d\u2019autoriser [&hellip;]<\/p>\n","protected":false},"author":1,"featured_media":0,"parent":0,"menu_order":0,"comment_status":"closed","ping_status":"closed","template":"","meta":{"footnotes":""},"class_list":["post-5363","page","type-page","status-publish","hentry"],"_links":{"self":[{"href":"https:\/\/ordrepharmacien.bf\/index.php\/wp-json\/wp\/v2\/pages\/5363","targetHints":{"allow":["GET"]}}],"collection":[{"href":"https:\/\/ordrepharmacien.bf\/index.php\/wp-json\/wp\/v2\/pages"}],"about":[{"href":"https:\/\/ordrepharmacien.bf\/index.php\/wp-json\/wp\/v2\/types\/page"}],"author":[{"embeddable":true,"href":"https:\/\/ordrepharmacien.bf\/index.php\/wp-json\/wp\/v2\/users\/1"}],"replies":[{"embeddable":true,"href":"https:\/\/ordrepharmacien.bf\/index.php\/wp-json\/wp\/v2\/comments?post=5363"}],"version-history":[{"count":0,"href":"https:\/\/ordrepharmacien.bf\/index.php\/wp-json\/wp\/v2\/pages\/5363\/revisions"}],"wp:attachment":[{"href":"https:\/\/ordrepharmacien.bf\/index.php\/wp-json\/wp\/v2\/media?parent=5363"}],"curies":[{"name":"wp","href":"https:\/\/api.w.org\/{rel}","templated":true}]}}